{"id":22853,"date":"2021-11-13T19:23:04","date_gmt":"2021-11-13T18:23:04","guid":{"rendered":"https:\/\/helloflowers.pl\/?post_type=product&#038;p=22853"},"modified":"2022-12-18T22:31:37","modified_gmt":"2022-12-18T21:31:37","slug":"swiateczna-kompozycja-w-szklanym-kloszu-popiersie-renifera-red","status":"publish","type":"product","link":"https:\/\/helloflowers.pl\/en\/sklep\/swiateczna-kompozycja-w-szklanym-kloszu-popiersie-renifera-red\/","title":{"rendered":"\u015awi\u0105teczna kompozycja w szklanym kloszu &#8211; popiersie Renifera Red"},"content":{"rendered":"","protected":false},"excerpt":{"rendered":"<p>KOLEKCJA 2021<\/p>\n<p>R\u0119cznie zdobiona \u015bwi\u0105teczna kompozycja wykonana na plastrze drewna, zamkni\u0119ta w szklanej kopule. Klimatyczna dekoracja z lampkami led o barwie ciep\u0142ej. Szk\u0142o ozdobione wst\u0105\u017ck\u0105 dekoracyjn\u0105.<\/p>\n<p>COMMENTS:<\/p>\n<ul>\n<li>Wysoko\u015b\u0107 ca\u0142kowita &#8211; oko\u0142o 22 cm<\/li>\n<li>\u015arednica &#8211; oko\u0142o 18 cm<\/li>\n<li>Zawarto\u015b\u0107 zestawu &#8211; Ceramiczne popiersie renifera, bombki dekoracyjne, prezenty, lampki LED w barwie ciep\u0142ej<\/li>\n<li>Kompozycja wykonywana od podstaw &#8211; jej ostateczny wygl\u0105d b\u0119dzie jak najbardziej zbli\u017cony do przedstawionego na zdj\u0119ciu.<\/li>\n<\/ul>\n<p>&nbsp;<\/p>","protected":false},"featured_media":22850,"template":"","meta":[],"product_brand":[],"product_cat":[203,222],"product_tag":[],"class_list":{"0":"post-22853","1":"product","2":"type-product","3":"status-publish","4":"has-post-thumbnail","6":"product_cat-sztuczne-kwiaty-dekoracje","7":"product_cat-dekoracje-swiateczne","8":"sales-flash-overlay","9":"woocommerce-text-align-center","10":"woocommerce-image-align-center","11":"do-quantity-buttons","13":"first","14":"outofstock","15":"shipping-taxable","16":"purchasable","17":"product-type-simple"},"aioseo_notices":[],"_links":{"self":[{"href":"https:\/\/helloflowers.pl\/en\/wp-json\/wp\/v2\/product\/22853","targetHints":{"allow":["GET"]}}],"collection":[{"href":"https:\/\/helloflowers.pl\/en\/wp-json\/wp\/v2\/product"}],"about":[{"href":"https:\/\/helloflowers.pl\/en\/wp-json\/wp\/v2\/types\/product"}],"wp:featuredmedia":[{"embeddable":true,"href":"https:\/\/helloflowers.pl\/en\/wp-json\/wp\/v2\/media\/22850"}],"wp:attachment":[{"href":"https:\/\/helloflowers.pl\/en\/wp-json\/wp\/v2\/media?parent=22853"}],"wp:term":[{"taxonomy":"product_brand","embeddable":true,"href":"https:\/\/helloflowers.pl\/en\/wp-json\/wp\/v2\/product_brand?post=22853"},{"taxonomy":"product_cat","embeddable":true,"href":"https:\/\/helloflowers.pl\/en\/wp-json\/wp\/v2\/product_cat?post=22853"},{"taxonomy":"product_tag","embeddable":true,"href":"https:\/\/helloflowers.pl\/en\/wp-json\/wp\/v2\/product_tag?post=22853"}],"curies":[{"name":"wp","href":"https:\/\/api.w.org\/{rel}","templated":true}]}}