{"id":23002,"date":"2022-01-22T12:09:40","date_gmt":"2022-01-22T11:09:40","guid":{"rendered":"https:\/\/helloflowers.pl\/?post_type=product&#038;p=23002"},"modified":"2022-06-23T21:38:25","modified_gmt":"2022-06-23T20:38:25","slug":"walentynkowa-kompozycja-czerwone-wieczne-roze-w-kwadratowym-pudelku-wieczne-roze-w-pudelku-box-flower","status":"publish","type":"product","link":"https:\/\/helloflowers.pl\/en\/sklep\/walentynkowa-kompozycja-czerwone-wieczne-roze-w-kwadratowym-pudelku-wieczne-roze-w-pudelku-box-flower\/","title":{"rendered":"Czerwone wieczne r\u00f3\u017ce w kwadratowym pude\u0142ku | wieczne r\u00f3\u017ce w pude\u0142ku &#8211; box flower"},"content":{"rendered":"","protected":false},"excerpt":{"rendered":"<p>Kolekcja <em><strong>HELLO FLOWERS x Love<\/strong><\/em><\/p>\n<p>Kompozycja z 9 wiecznymi r\u00f3\u017cami w kolorze czerwonym w kwadratowym pude\u0142ku.<\/p>\n<p>Czerwone wieczne r\u00f3\u017ce umieszczone s\u0105 w r\u0119cznie wykonanym pude\u0142ku flower box w kolorze czerwonym z dodatkami z\u0142ota. Ca\u0142o\u015b\u0107 wi\u0105zana wst\u0105\u017ck\u0105 ozdobn\u0105.<\/p>\n<p>Wieczne r\u00f3\u017ce to kwiaty, kt\u00f3rych \u015brednia trwa\u0142o\u015b\u0107 wynosi oko\u0142o 16-18 miesi\u0119cy.<\/p>\n<p>COMMENTS:<\/p>\n<ul>\n<li>Ilo\u015b\u0107 wiecznych r\u00f3\u017c: 9 sztuk<\/li>\n<li>Wymiary pude\u0142ka: 12,5x12x5x12 cm<\/li>\n<\/ul>","protected":false},"featured_media":23004,"template":"","meta":[],"product_brand":[],"product_cat":[132,208],"product_tag":[],"class_list":{"0":"post-23002","1":"product","2":"type-product","3":"status-publish","4":"has-post-thumbnail","6":"product_cat-edycja-limitowana","7":"product_cat-wieczne-roze","8":"sales-flash-overlay","9":"woocommerce-text-align-center","10":"woocommerce-image-align-center","11":"do-quantity-buttons","13":"first","14":"outofstock","15":"shipping-taxable","16":"purchasable","17":"product-type-simple"},"aioseo_notices":[],"_links":{"self":[{"href":"https:\/\/helloflowers.pl\/en\/wp-json\/wp\/v2\/product\/23002","targetHints":{"allow":["GET"]}}],"collection":[{"href":"https:\/\/helloflowers.pl\/en\/wp-json\/wp\/v2\/product"}],"about":[{"href":"https:\/\/helloflowers.pl\/en\/wp-json\/wp\/v2\/types\/product"}],"wp:featuredmedia":[{"embeddable":true,"href":"https:\/\/helloflowers.pl\/en\/wp-json\/wp\/v2\/media\/23004"}],"wp:attachment":[{"href":"https:\/\/helloflowers.pl\/en\/wp-json\/wp\/v2\/media?parent=23002"}],"wp:term":[{"taxonomy":"product_brand","embeddable":true,"href":"https:\/\/helloflowers.pl\/en\/wp-json\/wp\/v2\/product_brand?post=23002"},{"taxonomy":"product_cat","embeddable":true,"href":"https:\/\/helloflowers.pl\/en\/wp-json\/wp\/v2\/product_cat?post=23002"},{"taxonomy":"product_tag","embeddable":true,"href":"https:\/\/helloflowers.pl\/en\/wp-json\/wp\/v2\/product_tag?post=23002"}],"curies":[{"name":"wp","href":"https:\/\/api.w.org\/{rel}","templated":true}]}}