{"id":23306,"date":"2022-04-08T14:58:53","date_gmt":"2022-04-08T13:58:53","guid":{"rendered":"https:\/\/helloflowers.pl\/?post_type=product&#038;p=23306"},"modified":"2025-02-10T20:56:07","modified_gmt":"2025-02-10T19:56:07","slug":"balon-foliowy-z-helem-serce-czerwony-red-45-cm-18","status":"publish","type":"product","link":"https:\/\/helloflowers.pl\/en\/sklep\/balon-foliowy-z-helem-serce-czerwony-red-45-cm-18\/","title":{"rendered":"SERCE Balon foliowy z helem czerwony RED 45 cm 18&#8243;"},"content":{"rendered":"","protected":false},"excerpt":{"rendered":"<p>UWAGA! BALONY DOSTARCZAMY TYLKO RAZEM Z KOMPOZYCJAMI KWIATOWYMI!<\/p>\n<p>Balon foliowy\u00a0w kszta\u0142cie serca to wyj\u0105tkowa niespodzianka dla bliskiej osoby. Idealnie sprawdza si\u0119 jako dodatek do naszych kompozycji kwiatowych.<\/p>\n<p>Balon serce nape\u0142niony jest helem i zwi\u0105zany wst\u0105\u017ck\u0105 ozdobn\u0105 w zbli\u017conym kolorze.<\/p>\n<p>W przypadku zam\u00f3wienia balonu razem z kwiatami, jest on przymocowany do pude\u0142ka\/bukietu.<\/p>\n<p>COMMENTS:<\/p>\n<ul>\n<li>Rozmiar balona &#8211; 45 cm \/ 18&#8243;<\/li>\n<li>Balon ze wst\u0105\u017ck\u0105 ozdobn\u0105<\/li>\n<li>Kolor &#8211; czerwony po\u0142ysk<\/li>\n<\/ul>","protected":false},"featured_media":23307,"template":"","meta":[],"product_brand":[],"product_cat":[256],"product_tag":[],"class_list":{"0":"post-23306","1":"product","2":"type-product","3":"status-publish","4":"has-post-thumbnail","6":"product_cat-balony-z-helem","7":"sales-flash-overlay","8":"woocommerce-text-align-center","9":"woocommerce-image-align-center","10":"do-quantity-buttons","12":"first","13":"instock","14":"shipping-taxable","15":"purchasable","16":"product-type-simple"},"aioseo_notices":[],"_links":{"self":[{"href":"https:\/\/helloflowers.pl\/en\/wp-json\/wp\/v2\/product\/23306","targetHints":{"allow":["GET"]}}],"collection":[{"href":"https:\/\/helloflowers.pl\/en\/wp-json\/wp\/v2\/product"}],"about":[{"href":"https:\/\/helloflowers.pl\/en\/wp-json\/wp\/v2\/types\/product"}],"wp:featuredmedia":[{"embeddable":true,"href":"https:\/\/helloflowers.pl\/en\/wp-json\/wp\/v2\/media\/23307"}],"wp:attachment":[{"href":"https:\/\/helloflowers.pl\/en\/wp-json\/wp\/v2\/media?parent=23306"}],"wp:term":[{"taxonomy":"product_brand","embeddable":true,"href":"https:\/\/helloflowers.pl\/en\/wp-json\/wp\/v2\/product_brand?post=23306"},{"taxonomy":"product_cat","embeddable":true,"href":"https:\/\/helloflowers.pl\/en\/wp-json\/wp\/v2\/product_cat?post=23306"},{"taxonomy":"product_tag","embeddable":true,"href":"https:\/\/helloflowers.pl\/en\/wp-json\/wp\/v2\/product_tag?post=23306"}],"curies":[{"name":"wp","href":"https:\/\/api.w.org\/{rel}","templated":true}]}}