{"id":23338,"date":"2022-04-14T15:21:23","date_gmt":"2022-04-14T14:21:23","guid":{"rendered":"https:\/\/helloflowers.pl\/?post_type=product&#038;p=23338"},"modified":"2022-04-14T16:33:10","modified_gmt":"2022-04-14T15:33:10","slug":"wielkanocna-kompozycja-w-srednim-bialym-welurowym-boxie-wiosenny-zestaw-w-pudelku-flower-box","status":"publish","type":"product","link":"https:\/\/helloflowers.pl\/en\/sklep\/wielkanocna-kompozycja-w-srednim-bialym-welurowym-boxie-wiosenny-zestaw-w-pudelku-flower-box\/","title":{"rendered":"Wielkanocna kompozycja w \u015brednim bia\u0142ym welurowym boxie &#8211; wiosenny zestaw w pude\u0142ku flower box"},"content":{"rendered":"","protected":false},"excerpt":{"rendered":"<p>R\u0119cznie zdobiona wiosenna kompozycja wykonana w \u015brednim pude\u0142ku pokrytym welurowym materia\u0142em w kolorze bia\u0142ym. \u015awi\u0105teczny zestaw z welurowym jajkiem, ceramicznym zaj\u0105cem oraz stabilizowanym mchem i dodatkami w postacie suszonych i sztucznych kwiat\u00f3w.<\/p>\n<p>Ca\u0142o\u015b\u0107 wyko\u0144czona wst\u0105\u017ckami ozdobnymi<\/p>\n<p>COMMENTS:<\/p>\n<ul>\n<li>Wysoko\u015b\u0107 ca\u0142kowita &#8211; oko\u0142o 28 cm<\/li>\n<li>\u015arednica &#8211; oko\u0142o 25 cm<\/li>\n<li>Kompozycja wykonywana r\u0119cznie od podstaw<\/li>\n<\/ul>","protected":false},"featured_media":23339,"template":"","meta":[],"product_brand":[],"product_cat":[222,203],"product_tag":[],"class_list":{"0":"post-23338","1":"product","2":"type-product","3":"status-publish","4":"has-post-thumbnail","6":"product_cat-dekoracje-swiateczne","7":"product_cat-sztuczne-kwiaty-dekoracje","8":"sales-flash-overlay","9":"woocommerce-text-align-center","10":"woocommerce-image-align-center","11":"do-quantity-buttons","13":"first","14":"outofstock","15":"shipping-taxable","16":"purchasable","17":"product-type-simple"},"aioseo_notices":[],"_links":{"self":[{"href":"https:\/\/helloflowers.pl\/en\/wp-json\/wp\/v2\/product\/23338","targetHints":{"allow":["GET"]}}],"collection":[{"href":"https:\/\/helloflowers.pl\/en\/wp-json\/wp\/v2\/product"}],"about":[{"href":"https:\/\/helloflowers.pl\/en\/wp-json\/wp\/v2\/types\/product"}],"wp:featuredmedia":[{"embeddable":true,"href":"https:\/\/helloflowers.pl\/en\/wp-json\/wp\/v2\/media\/23339"}],"wp:attachment":[{"href":"https:\/\/helloflowers.pl\/en\/wp-json\/wp\/v2\/media?parent=23338"}],"wp:term":[{"taxonomy":"product_brand","embeddable":true,"href":"https:\/\/helloflowers.pl\/en\/wp-json\/wp\/v2\/product_brand?post=23338"},{"taxonomy":"product_cat","embeddable":true,"href":"https:\/\/helloflowers.pl\/en\/wp-json\/wp\/v2\/product_cat?post=23338"},{"taxonomy":"product_tag","embeddable":true,"href":"https:\/\/helloflowers.pl\/en\/wp-json\/wp\/v2\/product_tag?post=23338"}],"curies":[{"name":"wp","href":"https:\/\/api.w.org\/{rel}","templated":true}]}}