{"id":23341,"date":"2022-04-14T15:37:32","date_gmt":"2022-04-14T14:37:32","guid":{"rendered":"https:\/\/helloflowers.pl\/?post_type=product&#038;p=23341"},"modified":"2022-09-20T16:19:52","modified_gmt":"2022-09-20T15:19:52","slug":"kolorowe-bazie-bukiet-z-bazi-w-kolorze-fioletowym-milka-100-cm","status":"publish","type":"product","link":"https:\/\/helloflowers.pl\/en\/sklep\/kolorowe-bazie-bukiet-z-bazi-w-kolorze-fioletowym-milka-100-cm\/","title":{"rendered":"Kolorowe BAZIE | Bukiet z bazi w kolorze fioletowym MILKA 100 cm"},"content":{"rendered":"","protected":false},"excerpt":{"rendered":"<p>Bukiet wielkanocny wykonany z \u017cywych bazi w kolorze fioletowym, styropianowych jajek, suszonego Lagurusa oraz sztucznej magnolii.<\/p>\n<p>COMMENTS:<\/p>\n<ul>\n<li>Wysoko\u015b\u0107 ca\u0142kowita &#8211; oko\u0142o 110 cm<\/li>\n<\/ul>","protected":false},"featured_media":23342,"template":"","meta":[],"product_brand":[],"product_cat":[203],"product_tag":[],"class_list":{"0":"post-23341","1":"product","2":"type-product","3":"status-publish","4":"has-post-thumbnail","6":"product_cat-sztuczne-kwiaty-dekoracje","7":"sales-flash-overlay","8":"woocommerce-text-align-center","9":"woocommerce-image-align-center","10":"do-quantity-buttons","12":"first","13":"outofstock","14":"sale","15":"shipping-taxable","16":"purchasable","17":"product-type-simple"},"aioseo_notices":[],"_links":{"self":[{"href":"https:\/\/helloflowers.pl\/en\/wp-json\/wp\/v2\/product\/23341","targetHints":{"allow":["GET"]}}],"collection":[{"href":"https:\/\/helloflowers.pl\/en\/wp-json\/wp\/v2\/product"}],"about":[{"href":"https:\/\/helloflowers.pl\/en\/wp-json\/wp\/v2\/types\/product"}],"wp:featuredmedia":[{"embeddable":true,"href":"https:\/\/helloflowers.pl\/en\/wp-json\/wp\/v2\/media\/23342"}],"wp:attachment":[{"href":"https:\/\/helloflowers.pl\/en\/wp-json\/wp\/v2\/media?parent=23341"}],"wp:term":[{"taxonomy":"product_brand","embeddable":true,"href":"https:\/\/helloflowers.pl\/en\/wp-json\/wp\/v2\/product_brand?post=23341"},{"taxonomy":"product_cat","embeddable":true,"href":"https:\/\/helloflowers.pl\/en\/wp-json\/wp\/v2\/product_cat?post=23341"},{"taxonomy":"product_tag","embeddable":true,"href":"https:\/\/helloflowers.pl\/en\/wp-json\/wp\/v2\/product_tag?post=23341"}],"curies":[{"name":"wp","href":"https:\/\/api.w.org\/{rel}","templated":true}]}}