{"id":23375,"date":"2022-04-22T19:41:36","date_gmt":"2022-04-22T18:41:36","guid":{"rendered":"https:\/\/helloflowers.pl\/?post_type=product&#038;p=23375"},"modified":"2025-09-01T17:54:32","modified_gmt":"2025-09-01T16:54:32","slug":"balon-foliowy-z-helem-congrats-okragly-zloty-45-cm-19","status":"publish","type":"product","link":"https:\/\/helloflowers.pl\/en\/sklep\/balon-foliowy-z-helem-congrats-okragly-zloty-45-cm-19\/","title":{"rendered":"Balon foliowy z helem CONGRATS okr\u0105g\u0142y z\u0142oty 45 cm 19&#8243;"},"content":{"rendered":"","protected":false},"excerpt":{"rendered":"<p>UWAGA! BALONY DOSTARCZAMY TYLKO RAZEM Z KOMPOZYCJAMI KWIATOWYMI!<\/p>\n<p>B\u0142yszcz\u0105cy balon foliowy w kolorze z\u0142otym z bia\u0142ym napisem CONGRATS! to wyj\u0105tkowa niespodzianka dla bliskiej osoby. Idealnie sprawdza si\u0119 jako dodatek do naszych kompozycji kwiatowych.<\/p>\n<p>Balon nape\u0142niony jest helem i zwi\u0105zany wst\u0105\u017ck\u0105 ozdobn\u0105 w zbli\u017conym kolorze.<\/p>\n<p>W przypadku zam\u00f3wienia balonu razem z kwiatami, jest on przymocowany do pude\u0142ka\/bukietu.<\/p>\n<p>COMMENTS:<\/p>\n<ul>\n<li>Rozmiar balona &#8211;\u00a0\u015brednica przed napompowaniem ok. 45 cm (18&#8221;), \u015brednica po napompowaniu ok. 35 cm (14&#8221;)<\/li>\n<li>Balon ze wst\u0105\u017ck\u0105 ozdobn\u0105<\/li>\n<li>Kolor &#8211; z\u0142oty po\u0142ysk<\/li>\n<\/ul>","protected":false},"featured_media":23372,"template":"","meta":[],"product_brand":[],"product_cat":[256],"product_tag":[],"class_list":{"0":"post-23375","1":"product","2":"type-product","3":"status-publish","4":"has-post-thumbnail","6":"product_cat-balony-z-helem","7":"sales-flash-overlay","8":"woocommerce-text-align-center","9":"woocommerce-image-align-center","10":"do-quantity-buttons","12":"first","13":"instock","14":"shipping-taxable","15":"purchasable","16":"product-type-simple"},"aioseo_notices":[],"_links":{"self":[{"href":"https:\/\/helloflowers.pl\/en\/wp-json\/wp\/v2\/product\/23375","targetHints":{"allow":["GET"]}}],"collection":[{"href":"https:\/\/helloflowers.pl\/en\/wp-json\/wp\/v2\/product"}],"about":[{"href":"https:\/\/helloflowers.pl\/en\/wp-json\/wp\/v2\/types\/product"}],"wp:featuredmedia":[{"embeddable":true,"href":"https:\/\/helloflowers.pl\/en\/wp-json\/wp\/v2\/media\/23372"}],"wp:attachment":[{"href":"https:\/\/helloflowers.pl\/en\/wp-json\/wp\/v2\/media?parent=23375"}],"wp:term":[{"taxonomy":"product_brand","embeddable":true,"href":"https:\/\/helloflowers.pl\/en\/wp-json\/wp\/v2\/product_brand?post=23375"},{"taxonomy":"product_cat","embeddable":true,"href":"https:\/\/helloflowers.pl\/en\/wp-json\/wp\/v2\/product_cat?post=23375"},{"taxonomy":"product_tag","embeddable":true,"href":"https:\/\/helloflowers.pl\/en\/wp-json\/wp\/v2\/product_tag?post=23375"}],"curies":[{"name":"wp","href":"https:\/\/api.w.org\/{rel}","templated":true}]}}