{"id":23385,"date":"2022-04-25T15:59:25","date_gmt":"2022-04-25T14:59:25","guid":{"rendered":"https:\/\/helloflowers.pl\/?post_type=product&#038;p=23385"},"modified":"2026-01-08T12:47:06","modified_gmt":"2026-01-08T11:47:06","slug":"kompozycja-swiezych-kwiatow-w-duzym-zielonym-welurowym-boxie-kwiaty-w-pudelkach-flower-box","status":"publish","type":"product","link":"https:\/\/helloflowers.pl\/en\/sklep\/kompozycja-swiezych-kwiatow-w-duzym-zielonym-welurowym-boxie-kwiaty-w-pudelkach-flower-box\/","title":{"rendered":"Kompozycja \u015bwie\u017cych kwiat\u00f3w w du\u017cym zielonym welurowym boxie &#8211; kwiaty w pude\u0142kach | flower box"},"content":{"rendered":"","protected":false},"excerpt":{"rendered":"<p>Du\u017cy okr\u0105g\u0142y box pokryty welurowym materia\u0142em w kolorze butelkowej zieleni to nasza nowa kolekcja PREMIUM. W zestawie ze \u015bwie\u017cymi kwiatami oraz dodatkami w postaci zieleniny zrobi wra\u017cenie na osobie obdarowanej zar\u00f3wno pod wzgl\u0119dem wygl\u0105du jak i cudownego zapachu.<\/p>\n<p>Elegancki i przede wszystkim oryginalny zestaw idealnie sprawdzi si\u0119 na urodziny, imieniny oraz tak\u017ce jako kwiaty na \u015blub dla M\u0142odej Pary.<\/p>\n<p>Kwiaty umieszczone s\u0105 w r\u0119cznie wykonanym pude\u0142ku flower box, kt\u00f3ry pokryty jest przyjemnym w dotyku welurowym materia\u0142em. Ca\u0142o\u015b\u0107 wyko\u0144czona wysokiej jako\u015bci wst\u0105\u017ckami ozdobnymi.<\/p>\n<p>COMMENTS:<\/p>\n<ul>\n<li>Flowers are placed in a floral sponge soaked in water - their freshness is the same as that of flowers in a vase<\/li>\n<li>Ostateczny wygl\u0105d bukietu mo\u017ce odrobin\u0119 r\u00f3\u017cni\u0107 si\u0119 od kompozycji przedstawionej na zdj\u0119ciu, a jego sk\u0142ad jest uzale\u017cniony od ich dost\u0119pno\u015bci i sezonowo\u015bci.<\/li>\n<\/ul>","protected":false},"featured_media":23386,"template":"","meta":[],"product_brand":[],"product_cat":[207],"product_tag":[],"class_list":{"0":"post-23385","1":"product","2":"type-product","3":"status-publish","4":"has-post-thumbnail","6":"product_cat-premium","7":"sales-flash-overlay","8":"woocommerce-text-align-center","9":"woocommerce-image-align-center","10":"do-quantity-buttons","12":"first","13":"outofstock","14":"shipping-taxable","15":"purchasable","16":"product-type-simple"},"aioseo_notices":[],"_links":{"self":[{"href":"https:\/\/helloflowers.pl\/en\/wp-json\/wp\/v2\/product\/23385","targetHints":{"allow":["GET"]}}],"collection":[{"href":"https:\/\/helloflowers.pl\/en\/wp-json\/wp\/v2\/product"}],"about":[{"href":"https:\/\/helloflowers.pl\/en\/wp-json\/wp\/v2\/types\/product"}],"wp:featuredmedia":[{"embeddable":true,"href":"https:\/\/helloflowers.pl\/en\/wp-json\/wp\/v2\/media\/23386"}],"wp:attachment":[{"href":"https:\/\/helloflowers.pl\/en\/wp-json\/wp\/v2\/media?parent=23385"}],"wp:term":[{"taxonomy":"product_brand","embeddable":true,"href":"https:\/\/helloflowers.pl\/en\/wp-json\/wp\/v2\/product_brand?post=23385"},{"taxonomy":"product_cat","embeddable":true,"href":"https:\/\/helloflowers.pl\/en\/wp-json\/wp\/v2\/product_cat?post=23385"},{"taxonomy":"product_tag","embeddable":true,"href":"https:\/\/helloflowers.pl\/en\/wp-json\/wp\/v2\/product_tag?post=23385"}],"curies":[{"name":"wp","href":"https:\/\/api.w.org\/{rel}","templated":true}]}}