{"id":23430,"date":"2022-05-16T21:29:31","date_gmt":"2022-05-16T20:29:31","guid":{"rendered":"https:\/\/helloflowers.pl\/?post_type=product&#038;p=23430"},"modified":"2026-04-29T14:14:58","modified_gmt":"2026-04-29T13:14:58","slug":"kolorowa-swieza-gipsowka-w-duzym-bezowym-welurowym-boxie-kwiaty-w-pudelkach-flower-box","status":"publish","type":"product","link":"https:\/\/helloflowers.pl\/en\/sklep\/kolorowa-swieza-gipsowka-w-duzym-bezowym-welurowym-boxie-kwiaty-w-pudelkach-flower-box\/","title":{"rendered":"Kolorowa \u015bwie\u017ca GIPS\u00d3WKA w du\u017cym be\u017cowym welurowym boxie &#8211; kwiaty w pude\u0142kach | flower box"},"content":{"rendered":"","protected":false},"excerpt":{"rendered":"<p>Poszukujesz wyj\u0105tkowego i kolorowego akcentu kwiatowego, kt\u00f3ry doda blasku Twojemu wn\u0119trzu lub stanie si\u0119 fantastycznym prezentem? Oto kolorowa gips\u00f3wka w du\u017cym pude\u0142ku flower box! To oryginalny spos\u00f3b na wprowadzenie \u015bwie\u017co\u015bci i \u017cycia do ka\u017cdego miejsca.<\/p>\n<p>Du\u017cy okr\u0105g\u0142y box pokryty welurowym materia\u0142em w kolorze be\u017cowym to nasza nowa kolekcja PREMIUM. W zestawie ze \u015bwie\u017c\u0105 kolorow\u0105 gips\u00f3wk\u0105 zrobi ogromne wra\u017cenie na osobie obdarowanej pod wzgl\u0119dem oryginalnego wygl\u0105du.<\/p>\n<p>Kwiaty umieszczone s\u0105 w r\u0119cznie wykonanym pude\u0142ku flower box, kt\u00f3ry pokryty jest przyjemnym w dotyku welurowym materia\u0142em. Ca\u0142o\u015b\u0107 wyko\u0144czona wysokiej jako\u015bci wst\u0105\u017ckami ozdobnymi.<\/p>\n<p>COMMENTS:<\/p>\n<ul>\n<li>Wymiary pude\u0142ka bez kompozycji: 20&#215;22 cm<\/li>\n<li>Flowers are placed in a floral sponge soaked in water - their freshness is the same as that of flowers in a vase<\/li>\n<li>Ostateczny wygl\u0105d bukietu mo\u017ce odrobin\u0119 r\u00f3\u017cni\u0107 si\u0119 od kompozycji przedstawionej na zdj\u0119ciu.<\/li>\n<\/ul>","protected":false},"featured_media":23432,"template":"","meta":[],"product_brand":[],"product_cat":[129,273,132,207],"product_tag":[],"class_list":{"0":"post-23430","1":"product","2":"type-product","3":"status-publish","4":"has-post-thumbnail","6":"product_cat-duze-boxy","7":"product_cat-dzien-matki","8":"product_cat-edycja-limitowana","9":"product_cat-premium","10":"sales-flash-overlay","11":"woocommerce-text-align-center","12":"woocommerce-image-align-center","13":"do-quantity-buttons","15":"first","16":"outofstock","17":"shipping-taxable","18":"purchasable","19":"product-type-simple"},"aioseo_notices":[],"_links":{"self":[{"href":"https:\/\/helloflowers.pl\/en\/wp-json\/wp\/v2\/product\/23430","targetHints":{"allow":["GET"]}}],"collection":[{"href":"https:\/\/helloflowers.pl\/en\/wp-json\/wp\/v2\/product"}],"about":[{"href":"https:\/\/helloflowers.pl\/en\/wp-json\/wp\/v2\/types\/product"}],"wp:featuredmedia":[{"embeddable":true,"href":"https:\/\/helloflowers.pl\/en\/wp-json\/wp\/v2\/media\/23432"}],"wp:attachment":[{"href":"https:\/\/helloflowers.pl\/en\/wp-json\/wp\/v2\/media?parent=23430"}],"wp:term":[{"taxonomy":"product_brand","embeddable":true,"href":"https:\/\/helloflowers.pl\/en\/wp-json\/wp\/v2\/product_brand?post=23430"},{"taxonomy":"product_cat","embeddable":true,"href":"https:\/\/helloflowers.pl\/en\/wp-json\/wp\/v2\/product_cat?post=23430"},{"taxonomy":"product_tag","embeddable":true,"href":"https:\/\/helloflowers.pl\/en\/wp-json\/wp\/v2\/product_tag?post=23430"}],"curies":[{"name":"wp","href":"https:\/\/api.w.org\/{rel}","templated":true}]}}