{"id":23433,"date":"2022-05-16T21:34:01","date_gmt":"2022-05-16T20:34:01","guid":{"rendered":"https:\/\/helloflowers.pl\/?post_type=product&#038;p=23433"},"modified":"2025-04-02T15:46:54","modified_gmt":"2025-04-02T14:46:54","slug":"kolorowa-swieza-gipsowka-w-malym-rozowym-welurowym-boxie-kwiaty-w-pudelkach-flower-box","status":"publish","type":"product","link":"https:\/\/helloflowers.pl\/en\/sklep\/kolorowa-swieza-gipsowka-w-malym-rozowym-welurowym-boxie-kwiaty-w-pudelkach-flower-box\/","title":{"rendered":"Kolorowa \u015bwie\u017ca GIPS\u00d3WKA w ma\u0142ym r\u00f3\u017cowym welurowym boxie &#8211; kwiaty w pude\u0142kach | flower box"},"content":{"rendered":"","protected":false},"excerpt":{"rendered":"<p>Poszukujesz wyj\u0105tkowego i kolorowego akcentu kwiatowego, kt\u00f3ry doda blasku Twojemu wn\u0119trzu lub stanie si\u0119 fantastycznym prezentem? Oto kolorowa gips\u00f3wka w ma\u0142ym pude\u0142ku flower box! To oryginalny spos\u00f3b na wprowadzenie \u015bwie\u017co\u015bci i \u017cycia do ka\u017cdego miejsca. Ma\u0142y okr\u0105g\u0142y box pokryty welurowym materia\u0142em w kolorze r\u00f3\u017cowym to nasz nowy produkt. W zestawie ze \u015bwie\u017c\u0105 kolorow\u0105 gips\u00f3wk\u0105 zrobi ogromne wra\u017cenie na osobie obdarowanej pod wzgl\u0119dem oryginalnego wygl\u0105du.<\/p>\n<p>Kwiaty umieszczone s\u0105 w r\u0119cznie wykonanym pude\u0142ku flower box, kt\u00f3ry pokryty jest przyjemnym w dotyku welurowym materia\u0142em. Ca\u0142o\u015b\u0107 wyko\u0144czona wysokiej jako\u015bci wst\u0105\u017ckami ozdobnymi.<\/p>\n<p>COMMENTS:<\/p>\n<ul>\n<li>Flowers are placed in a floral sponge soaked in water - their freshness is the same as that of flowers in a vase<\/li>\n<li>Ostateczny wygl\u0105d bukietu mo\u017ce odrobin\u0119 r\u00f3\u017cni\u0107 si\u0119 od kompozycji przedstawionej na zdj\u0119ciu, a jego sk\u0142ad jest uzale\u017cniony od ich dost\u0119pno\u015bci i sezonowo\u015bci.<\/li>\n<\/ul>","protected":false},"featured_media":24447,"template":"","meta":[],"product_brand":[],"product_cat":[132,207],"product_tag":[],"class_list":{"0":"post-23433","1":"product","2":"type-product","3":"status-publish","4":"has-post-thumbnail","6":"product_cat-edycja-limitowana","7":"product_cat-premium","8":"sales-flash-overlay","9":"woocommerce-text-align-center","10":"woocommerce-image-align-center","11":"do-quantity-buttons","13":"first","14":"outofstock","15":"shipping-taxable","16":"purchasable","17":"product-type-simple"},"aioseo_notices":[],"_links":{"self":[{"href":"https:\/\/helloflowers.pl\/en\/wp-json\/wp\/v2\/product\/23433","targetHints":{"allow":["GET"]}}],"collection":[{"href":"https:\/\/helloflowers.pl\/en\/wp-json\/wp\/v2\/product"}],"about":[{"href":"https:\/\/helloflowers.pl\/en\/wp-json\/wp\/v2\/types\/product"}],"wp:featuredmedia":[{"embeddable":true,"href":"https:\/\/helloflowers.pl\/en\/wp-json\/wp\/v2\/media\/24447"}],"wp:attachment":[{"href":"https:\/\/helloflowers.pl\/en\/wp-json\/wp\/v2\/media?parent=23433"}],"wp:term":[{"taxonomy":"product_brand","embeddable":true,"href":"https:\/\/helloflowers.pl\/en\/wp-json\/wp\/v2\/product_brand?post=23433"},{"taxonomy":"product_cat","embeddable":true,"href":"https:\/\/helloflowers.pl\/en\/wp-json\/wp\/v2\/product_cat?post=23433"},{"taxonomy":"product_tag","embeddable":true,"href":"https:\/\/helloflowers.pl\/en\/wp-json\/wp\/v2\/product_tag?post=23433"}],"curies":[{"name":"wp","href":"https:\/\/api.w.org\/{rel}","templated":true}]}}