{"id":23614,"date":"2022-09-14T18:40:03","date_gmt":"2022-09-14T17:40:03","guid":{"rendered":"https:\/\/helloflowers.pl\/?post_type=product&#038;p=23614"},"modified":"2023-01-23T14:05:33","modified_gmt":"2023-01-23T13:05:33","slug":"balon-foliowy-z-helem-spioszki-hello-baby","status":"publish","type":"product","link":"https:\/\/helloflowers.pl\/en\/sklep\/balon-foliowy-z-helem-spioszki-hello-baby\/","title":{"rendered":"Balon foliowy z helem \u015apioszki &#8211; Hello Baby"},"content":{"rendered":"","protected":false},"excerpt":{"rendered":"<p>UWAGA! BALONY DOSTARCZAMY TYLKO RAZEM Z KOMPOZYCJAMI KWIATOWYMI!<\/p>\n<p>Balon foliowy\u00a0w kszta\u0142cie \u015bpioszk\u00f3w z napisem Hello Baby to wyj\u0105tkowa niespodzianka na Baby Shower lub jako upominek z okazji narodzin dziecka. Idealnie sprawdza si\u0119 jako dodatek do naszych kompozycji kwiatowych.<\/p>\n<p>Balon nape\u0142niony jest helem i zwi\u0105zany wst\u0105\u017ck\u0105 ozdobn\u0105 w zbli\u017conym kolorze.<\/p>\n<p>COMMENTS:<\/p>\n<ul>\n<li>Rozmiar balona &#8211; 51&#215;45 cm<\/li>\n<li>Balon ze wst\u0105\u017ck\u0105 ozdobn\u0105<\/li>\n<li>Kolor &#8211; bia\u0142o-z\u0142oty<\/li>\n<\/ul>","protected":false},"featured_media":23615,"template":"","meta":[],"product_brand":[],"product_cat":[256],"product_tag":[],"class_list":{"0":"post-23614","1":"product","2":"type-product","3":"status-publish","4":"has-post-thumbnail","6":"product_cat-balony-z-helem","7":"sales-flash-overlay","8":"woocommerce-text-align-center","9":"woocommerce-image-align-center","10":"do-quantity-buttons","12":"first","13":"instock","14":"shipping-taxable","15":"purchasable","16":"product-type-simple"},"aioseo_notices":[],"_links":{"self":[{"href":"https:\/\/helloflowers.pl\/en\/wp-json\/wp\/v2\/product\/23614","targetHints":{"allow":["GET"]}}],"collection":[{"href":"https:\/\/helloflowers.pl\/en\/wp-json\/wp\/v2\/product"}],"about":[{"href":"https:\/\/helloflowers.pl\/en\/wp-json\/wp\/v2\/types\/product"}],"wp:featuredmedia":[{"embeddable":true,"href":"https:\/\/helloflowers.pl\/en\/wp-json\/wp\/v2\/media\/23615"}],"wp:attachment":[{"href":"https:\/\/helloflowers.pl\/en\/wp-json\/wp\/v2\/media?parent=23614"}],"wp:term":[{"taxonomy":"product_brand","embeddable":true,"href":"https:\/\/helloflowers.pl\/en\/wp-json\/wp\/v2\/product_brand?post=23614"},{"taxonomy":"product_cat","embeddable":true,"href":"https:\/\/helloflowers.pl\/en\/wp-json\/wp\/v2\/product_cat?post=23614"},{"taxonomy":"product_tag","embeddable":true,"href":"https:\/\/helloflowers.pl\/en\/wp-json\/wp\/v2\/product_tag?post=23614"}],"curies":[{"name":"wp","href":"https:\/\/api.w.org\/{rel}","templated":true}]}}