{"id":23635,"date":"2022-09-23T15:55:51","date_gmt":"2022-09-23T14:55:51","guid":{"rendered":"https:\/\/helloflowers.pl\/?post_type=product&#038;p=23635"},"modified":"2025-01-08T13:56:39","modified_gmt":"2025-01-08T12:56:39","slug":"swieca-sojowa-la-vie-est-belle-180-ml-z-wieczkiem","status":"publish","type":"product","link":"https:\/\/helloflowers.pl\/en\/sklep\/swieca-sojowa-la-vie-est-belle-180-ml-z-wieczkiem\/","title":{"rendered":"\u015awieca Sojowa La Vie Est Belle 180 ml z wieczkiem"},"content":{"rendered":"","protected":false},"excerpt":{"rendered":"<p>Limitowana edycja \u015bwiec sojowych przygotowanych przez lokalnego producenta. Ka\u017cdy zapach zosta\u0142 odpowiednio wyselekcjonowany, tak aby identyfikowa\u0142 si\u0119 z mark\u0105 Hello Flowers.<\/p>\n<p>\u015awiece sojowe to ekologiczny produkt, kt\u00f3ry\u00a0nie emituje szkodliwych\u00a0substancji. Ka\u017cda \u015bwieca zawiera\u00a0drewniany\u00a0knot, kt\u00f3ry dodaje jej uroku podczas palenia.<\/p>\n<p>ZAPACH LA VIE EST BELLE<\/p>\n<h4>Nuty g\u0142owy: Czarna porzeczka, gruszka;<br \/>\nNuty serca: Irys, ja\u015bmin, kwiat pomara\u0144czy;<br \/>\nNuty bazowe: Paczula, tonka, wanilia.<\/h4>\n<p><strong>COMMENTS:<\/strong><\/p>\n<ul>\n<li>Pojemno\u015b\u0107: 180 ml<\/li>\n<li>Czas palenia: oko\u0142o 30 godzin<\/li>\n<li>Ka\u017cda \u015bwieca posiada szczelne wieczko oraz instrukcj\u0119 palenia \u015bwiecy<\/li>\n<li>Intensywno\u015b\u0107 zapachu: Zapach jest najbardziej intensywny w pomieszczeniach do 20 m2.<\/li>\n<\/ul>\n<p>Nasze \u015bwiece sojowe s\u0105 produktem w 100% naturalnym.<\/p>","protected":false},"featured_media":23795,"template":"","meta":[],"product_brand":[],"product_cat":[266,203],"product_tag":[],"class_list":{"0":"post-23635","1":"product","2":"type-product","3":"status-publish","4":"has-post-thumbnail","6":"product_cat-swiece-sojowe","7":"product_cat-sztuczne-kwiaty-dekoracje","8":"sales-flash-overlay","9":"woocommerce-text-align-center","10":"woocommerce-image-align-center","11":"do-quantity-buttons","13":"first","14":"instock","15":"shipping-taxable","16":"purchasable","17":"product-type-simple"},"aioseo_notices":[],"_links":{"self":[{"href":"https:\/\/helloflowers.pl\/en\/wp-json\/wp\/v2\/product\/23635","targetHints":{"allow":["GET"]}}],"collection":[{"href":"https:\/\/helloflowers.pl\/en\/wp-json\/wp\/v2\/product"}],"about":[{"href":"https:\/\/helloflowers.pl\/en\/wp-json\/wp\/v2\/types\/product"}],"wp:featuredmedia":[{"embeddable":true,"href":"https:\/\/helloflowers.pl\/en\/wp-json\/wp\/v2\/media\/23795"}],"wp:attachment":[{"href":"https:\/\/helloflowers.pl\/en\/wp-json\/wp\/v2\/media?parent=23635"}],"wp:term":[{"taxonomy":"product_brand","embeddable":true,"href":"https:\/\/helloflowers.pl\/en\/wp-json\/wp\/v2\/product_brand?post=23635"},{"taxonomy":"product_cat","embeddable":true,"href":"https:\/\/helloflowers.pl\/en\/wp-json\/wp\/v2\/product_cat?post=23635"},{"taxonomy":"product_tag","embeddable":true,"href":"https:\/\/helloflowers.pl\/en\/wp-json\/wp\/v2\/product_tag?post=23635"}],"curies":[{"name":"wp","href":"https:\/\/api.w.org\/{rel}","templated":true}]}}