{"id":23680,"date":"2022-10-18T20:31:35","date_gmt":"2022-10-18T19:31:35","guid":{"rendered":"https:\/\/helloflowers.pl\/?post_type=product&#038;p=23680"},"modified":"2022-11-08T09:34:28","modified_gmt":"2022-11-08T08:34:28","slug":"jesienna-kompozycja-sztucznych-kwiatow-oraz-dyni-baby-boo-w-duzym-czarnym-pudelku-flower-box-kopia","status":"publish","type":"product","link":"https:\/\/helloflowers.pl\/en\/sklep\/jesienna-kompozycja-sztucznych-kwiatow-oraz-dyni-baby-boo-w-duzym-czarnym-pudelku-flower-box-kopia\/","title":{"rendered":"Jesienna kompozycja sztucznych kwiat\u00f3w w du\u017cym bia\u0142ym welurowym pude\u0142ku | flower box"},"content":{"rendered":"","protected":false},"excerpt":{"rendered":"<p style=\"text-align: left;\">Jesienna kompozycja suszonych i sztucznych kwiat\u00f3w w po\u0142\u0105czeniu z r\u0119cznie wykonan\u0105 dyni\u0105.<\/p>\n<p>Ca\u0142o\u015b\u0107 umieszczona w du\u017cym welurowym pude\u0142ku PREMIUM w kolorze bia\u0142ym.\u00a0Wyj\u0105tkowy i oryginalny zestaw, dzi\u0119ki kt\u00f3remu udekorujesz wn\u0119trze na jesie\u0144. Zestaw nie wymaga \u017cadnej piel\u0119gnacji.<\/p>\n<p style=\"text-align: left;\">Do wykonania kompozycji u\u017cyli\u015bmy suszonych i sztucznych kwiat\u00f3w oraz r\u0119cznie wykonanej dyni.<\/p>\n<p>COMMENTS:<\/p>\n<ul>\n<li>Wysoko\u015b\u0107 ca\u0142kowita: oko\u0142o 40 cm,<\/li>\n<li>Wygl\u0105d ostateczny oraz kolorystyka b\u0119dzie jak najbardziej zbli\u017cona do prezentowanej na zdj\u0119ciu.<\/li>\n<\/ul>\n<p>&nbsp;<\/p>","protected":false},"featured_media":23681,"template":"","meta":[],"product_brand":[],"product_cat":[132,203],"product_tag":[],"class_list":{"0":"post-23680","1":"product","2":"type-product","3":"status-publish","4":"has-post-thumbnail","6":"product_cat-edycja-limitowana","7":"product_cat-sztuczne-kwiaty-dekoracje","8":"sales-flash-overlay","9":"woocommerce-text-align-center","10":"woocommerce-image-align-center","11":"do-quantity-buttons","13":"first","14":"outofstock","15":"shipping-taxable","16":"purchasable","17":"product-type-simple"},"aioseo_notices":[],"_links":{"self":[{"href":"https:\/\/helloflowers.pl\/en\/wp-json\/wp\/v2\/product\/23680","targetHints":{"allow":["GET"]}}],"collection":[{"href":"https:\/\/helloflowers.pl\/en\/wp-json\/wp\/v2\/product"}],"about":[{"href":"https:\/\/helloflowers.pl\/en\/wp-json\/wp\/v2\/types\/product"}],"wp:featuredmedia":[{"embeddable":true,"href":"https:\/\/helloflowers.pl\/en\/wp-json\/wp\/v2\/media\/23681"}],"wp:attachment":[{"href":"https:\/\/helloflowers.pl\/en\/wp-json\/wp\/v2\/media?parent=23680"}],"wp:term":[{"taxonomy":"product_brand","embeddable":true,"href":"https:\/\/helloflowers.pl\/en\/wp-json\/wp\/v2\/product_brand?post=23680"},{"taxonomy":"product_cat","embeddable":true,"href":"https:\/\/helloflowers.pl\/en\/wp-json\/wp\/v2\/product_cat?post=23680"},{"taxonomy":"product_tag","embeddable":true,"href":"https:\/\/helloflowers.pl\/en\/wp-json\/wp\/v2\/product_tag?post=23680"}],"curies":[{"name":"wp","href":"https:\/\/api.w.org\/{rel}","templated":true}]}}