{"id":23708,"date":"2022-11-03T19:23:46","date_gmt":"2022-11-03T18:23:46","guid":{"rendered":"https:\/\/helloflowers.pl\/?post_type=product&#038;p=23708"},"modified":"2023-02-28T17:59:31","modified_gmt":"2023-02-28T16:59:31","slug":"balon-foliowy-z-helem-cukrowa-rozowa-laska-50x82-cm-2","status":"publish","type":"product","link":"https:\/\/helloflowers.pl\/en\/sklep\/balon-foliowy-z-helem-cukrowa-rozowa-laska-50x82-cm-2\/","title":{"rendered":"Balon foliowy z helem Cukrowa r\u00f3\u017cowa laska 50&#215;82 cm"},"content":{"rendered":"","protected":false},"excerpt":{"rendered":"<p>UWAGA! BALONY DOSTARCZAMY TYLKO RAZEM Z KOMPOZYCJAMI KWIATOWYMI!<\/p>\n<p>Balon foliowy w kszta\u0142cie cukrowej r\u00f3\u017cowej laski z edycji \u015bwi\u0105tecznej. Laska cukrowa jako balon foliowy to dekoracja Bo\u017conarodzeniowa, kt\u00f3ra idealnie podkre\u015bli \u015bwi\u0105teczny klimat.<\/p>\n<p>Balon nape\u0142niony jest helem i zwi\u0105zany wst\u0105\u017ck\u0105 ozdobn\u0105 w zbli\u017conym kolorze.<\/p>\n<p>COMMENTS:<\/p>\n<ul>\n<li>Rozmiar balona &#8211; 50&#215;82 cm<\/li>\n<li>Balon ze wst\u0105\u017ck\u0105 ozdobn\u0105<\/li>\n<li>Kolor &#8211; r\u00f3\u017cowy<\/li>\n<\/ul>","protected":false},"featured_media":23698,"template":"","meta":[],"product_brand":[],"product_cat":[256],"product_tag":[],"class_list":{"0":"post-23708","1":"product","2":"type-product","3":"status-publish","4":"has-post-thumbnail","6":"product_cat-balony-z-helem","7":"sales-flash-overlay","8":"woocommerce-text-align-center","9":"woocommerce-image-align-center","10":"do-quantity-buttons","12":"first","13":"instock","14":"shipping-taxable","15":"purchasable","16":"product-type-simple"},"aioseo_notices":[],"_links":{"self":[{"href":"https:\/\/helloflowers.pl\/en\/wp-json\/wp\/v2\/product\/23708","targetHints":{"allow":["GET"]}}],"collection":[{"href":"https:\/\/helloflowers.pl\/en\/wp-json\/wp\/v2\/product"}],"about":[{"href":"https:\/\/helloflowers.pl\/en\/wp-json\/wp\/v2\/types\/product"}],"wp:featuredmedia":[{"embeddable":true,"href":"https:\/\/helloflowers.pl\/en\/wp-json\/wp\/v2\/media\/23698"}],"wp:attachment":[{"href":"https:\/\/helloflowers.pl\/en\/wp-json\/wp\/v2\/media?parent=23708"}],"wp:term":[{"taxonomy":"product_brand","embeddable":true,"href":"https:\/\/helloflowers.pl\/en\/wp-json\/wp\/v2\/product_brand?post=23708"},{"taxonomy":"product_cat","embeddable":true,"href":"https:\/\/helloflowers.pl\/en\/wp-json\/wp\/v2\/product_cat?post=23708"},{"taxonomy":"product_tag","embeddable":true,"href":"https:\/\/helloflowers.pl\/en\/wp-json\/wp\/v2\/product_tag?post=23708"}],"curies":[{"name":"wp","href":"https:\/\/api.w.org\/{rel}","templated":true}]}}