{"id":23718,"date":"2022-11-09T16:47:32","date_gmt":"2022-11-09T15:47:32","guid":{"rendered":"https:\/\/helloflowers.pl\/?post_type=product&#038;p=23718"},"modified":"2022-12-21T12:30:52","modified_gmt":"2022-12-21T11:30:52","slug":"swiateczna-kompozycja-w-duzym-zielonym-welurowym-boxie-renifer-w-sweterku-zestaw-w-pudelku-flower-box","status":"publish","type":"product","link":"https:\/\/helloflowers.pl\/en\/sklep\/swiateczna-kompozycja-w-duzym-zielonym-welurowym-boxie-renifer-w-sweterku-zestaw-w-pudelku-flower-box\/","title":{"rendered":"\u015awi\u0105teczna kompozycja w du\u017cym zielonym welurowym boxie Renifer w sweterku &#8211; zestaw w pude\u0142ku flower box"},"content":{"rendered":"","protected":false},"excerpt":{"rendered":"<h3><strong>Kolekcja \u015bwi\u0105teczna 2022<\/strong><\/h3>\n<p>R\u0119cznie zdobiona \u015bwi\u0105teczna kompozycja wykonana w du\u017cym pude\u0142ku pokrytym welurowym materia\u0142em w kolorze butelkowej zieleni z popiersiem renifera.<\/p>\n<p>Klimatyczny zestaw ozdobiony dodatkowo wst\u0105\u017ckami dekoracyjnymi.<\/p>\n<p>COMMENTS:<\/p>\n<ul>\n<li>Wysoko\u015b\u0107 ca\u0142kowita &#8211; oko\u0142o 40 cm<\/li>\n<li>\u015arednica &#8211; oko\u0142o 23 cm<\/li>\n<li>Zawarto\u015b\u0107 zestawu &#8211; Popiersie renifera, bombki ozdobne w kolorystyce br\u0105zowej, zielonej oraz z\u0142otej, choinki dekoracyjne oraz r\u0119cznie wykonana z suszu dekoracyjnego podstawa.<\/li>\n<li>Kompozycja wykonywana od podstaw &#8211; jej ostateczny wygl\u0105d b\u0119dzie jak najbardziej zbli\u017cony do przedstawionego na zdj\u0119ciu.<\/li>\n<\/ul>\n<p>&nbsp;<\/p>","protected":false},"featured_media":23719,"template":"","meta":[],"product_brand":[],"product_cat":[222],"product_tag":[],"class_list":{"0":"post-23718","1":"product","2":"type-product","3":"status-publish","4":"has-post-thumbnail","6":"product_cat-dekoracje-swiateczne","7":"sales-flash-overlay","8":"woocommerce-text-align-center","9":"woocommerce-image-align-center","10":"do-quantity-buttons","12":"first","13":"outofstock","14":"shipping-taxable","15":"purchasable","16":"product-type-simple"},"aioseo_notices":[],"_links":{"self":[{"href":"https:\/\/helloflowers.pl\/en\/wp-json\/wp\/v2\/product\/23718","targetHints":{"allow":["GET"]}}],"collection":[{"href":"https:\/\/helloflowers.pl\/en\/wp-json\/wp\/v2\/product"}],"about":[{"href":"https:\/\/helloflowers.pl\/en\/wp-json\/wp\/v2\/types\/product"}],"wp:featuredmedia":[{"embeddable":true,"href":"https:\/\/helloflowers.pl\/en\/wp-json\/wp\/v2\/media\/23719"}],"wp:attachment":[{"href":"https:\/\/helloflowers.pl\/en\/wp-json\/wp\/v2\/media?parent=23718"}],"wp:term":[{"taxonomy":"product_brand","embeddable":true,"href":"https:\/\/helloflowers.pl\/en\/wp-json\/wp\/v2\/product_brand?post=23718"},{"taxonomy":"product_cat","embeddable":true,"href":"https:\/\/helloflowers.pl\/en\/wp-json\/wp\/v2\/product_cat?post=23718"},{"taxonomy":"product_tag","embeddable":true,"href":"https:\/\/helloflowers.pl\/en\/wp-json\/wp\/v2\/product_tag?post=23718"}],"curies":[{"name":"wp","href":"https:\/\/api.w.org\/{rel}","templated":true}]}}