{"id":23724,"date":"2022-11-09T17:26:24","date_gmt":"2022-11-09T16:26:24","guid":{"rendered":"https:\/\/helloflowers.pl\/?post_type=product&#038;p=23724"},"modified":"2022-11-18T13:00:25","modified_gmt":"2022-11-18T12:00:25","slug":"swiateczna-kompozycja-w-malym-szklanym-kloszu-dziadek-do-orzechow","status":"publish","type":"product","link":"https:\/\/helloflowers.pl\/en\/sklep\/swiateczna-kompozycja-w-malym-szklanym-kloszu-dziadek-do-orzechow\/","title":{"rendered":"\u015awi\u0105teczna kompozycja w ma\u0142ym szklanym kloszu &#8211; Dziadek do orzech\u00f3w"},"content":{"rendered":"","protected":false},"excerpt":{"rendered":"<h3><strong>Kolekcja \u015bwi\u0105teczna 2022<\/strong><\/h3>\n<p>R\u0119cznie zdobiona \u015bwi\u0105teczna kompozycja wykonana na plastrze drewna, zamkni\u0119ta w szklanej kopule. Klimatyczna dekoracja \u015bwi\u0105teczna z Dziadkiem do orzech\u00f3w. Szk\u0142o ozdobione wst\u0105\u017ck\u0105 dekoracyjn\u0105.<\/p>\n<p>COMMENTS:<\/p>\n<ul>\n<li>Wysoko\u015b\u0107 ca\u0142kowita &#8211; oko\u0142o 22 cm<\/li>\n<li>\u015arednica &#8211; oko\u0142o 18 cm<\/li>\n<li>Zawarto\u015b\u0107 zestawu &#8211; Ceramiczny Dziadek do orzech\u00f3w, bombki dekoracyjne, drewniane narty i sanki oraz susz dekoracyjny.<\/li>\n<li>Kompozycja wykonywana od podstaw &#8211; jej ostateczny wygl\u0105d b\u0119dzie jak najbardziej zbli\u017cony do przedstawionego na zdj\u0119ciu.<\/li>\n<\/ul>\n<p>&nbsp;<\/p>","protected":false},"featured_media":23725,"template":"","meta":[],"product_brand":[],"product_cat":[222],"product_tag":[],"class_list":{"0":"post-23724","1":"product","2":"type-product","3":"status-publish","4":"has-post-thumbnail","6":"product_cat-dekoracje-swiateczne","7":"sales-flash-overlay","8":"woocommerce-text-align-center","9":"woocommerce-image-align-center","10":"do-quantity-buttons","12":"first","13":"outofstock","14":"shipping-taxable","15":"purchasable","16":"product-type-simple"},"aioseo_notices":[],"_links":{"self":[{"href":"https:\/\/helloflowers.pl\/en\/wp-json\/wp\/v2\/product\/23724","targetHints":{"allow":["GET"]}}],"collection":[{"href":"https:\/\/helloflowers.pl\/en\/wp-json\/wp\/v2\/product"}],"about":[{"href":"https:\/\/helloflowers.pl\/en\/wp-json\/wp\/v2\/types\/product"}],"wp:featuredmedia":[{"embeddable":true,"href":"https:\/\/helloflowers.pl\/en\/wp-json\/wp\/v2\/media\/23725"}],"wp:attachment":[{"href":"https:\/\/helloflowers.pl\/en\/wp-json\/wp\/v2\/media?parent=23724"}],"wp:term":[{"taxonomy":"product_brand","embeddable":true,"href":"https:\/\/helloflowers.pl\/en\/wp-json\/wp\/v2\/product_brand?post=23724"},{"taxonomy":"product_cat","embeddable":true,"href":"https:\/\/helloflowers.pl\/en\/wp-json\/wp\/v2\/product_cat?post=23724"},{"taxonomy":"product_tag","embeddable":true,"href":"https:\/\/helloflowers.pl\/en\/wp-json\/wp\/v2\/product_tag?post=23724"}],"curies":[{"name":"wp","href":"https:\/\/api.w.org\/{rel}","templated":true}]}}