{"id":23791,"date":"2022-12-10T20:08:21","date_gmt":"2022-12-10T19:08:21","guid":{"rendered":"https:\/\/helloflowers.pl\/?post_type=product&#038;p=23791"},"modified":"2023-11-23T18:36:05","modified_gmt":"2023-11-23T17:36:05","slug":"balon-foliowy-z-powietrzem-stojacy-dziadek-do-orzechow-34-x-85-cm","status":"publish","type":"product","link":"https:\/\/helloflowers.pl\/en\/sklep\/balon-foliowy-z-powietrzem-stojacy-dziadek-do-orzechow-34-x-85-cm\/","title":{"rendered":"Balon foliowy z powietrzem stoj\u0105cy Dziadek do orzech\u00f3w 34 x 85 cm"},"content":{"rendered":"","protected":false},"excerpt":{"rendered":"<p>UWAGA! BALONY DOSTARCZAMY TYLKO RAZEM Z KOMPOZYCJAMI KWIATOWYMI!<\/p>\n<p>Balon foliowy w kszta\u0142cie Dziadka do orzech\u00f3w z edycji \u015bwi\u0105tecznej. Stoj\u0105cy Dziadek pompowany powietrzem jako balon foliowy to dekoracja Bo\u017conarodzeniowa, kt\u00f3ra idealnie podkre\u015bli \u015bwi\u0105teczny klimat.<\/p>\n<p>Balon dor\u0119czony jest jako gotowa, napompowana dekoracja.<\/p>\n<p>COMMENTS:<\/p>\n<ul>\n<li>Rozmiar balona po napompowaniu &#8211; 342&#215;85 cm<\/li>\n<\/ul>","protected":false},"featured_media":23793,"template":"","meta":[],"product_brand":[],"product_cat":[256],"product_tag":[],"class_list":{"0":"post-23791","1":"product","2":"type-product","3":"status-publish","4":"has-post-thumbnail","6":"product_cat-balony-z-helem","7":"sales-flash-overlay","8":"woocommerce-text-align-center","9":"woocommerce-image-align-center","10":"do-quantity-buttons","12":"first","13":"instock","14":"shipping-taxable","15":"purchasable","16":"product-type-simple"},"aioseo_notices":[],"_links":{"self":[{"href":"https:\/\/helloflowers.pl\/en\/wp-json\/wp\/v2\/product\/23791","targetHints":{"allow":["GET"]}}],"collection":[{"href":"https:\/\/helloflowers.pl\/en\/wp-json\/wp\/v2\/product"}],"about":[{"href":"https:\/\/helloflowers.pl\/en\/wp-json\/wp\/v2\/types\/product"}],"wp:featuredmedia":[{"embeddable":true,"href":"https:\/\/helloflowers.pl\/en\/wp-json\/wp\/v2\/media\/23793"}],"wp:attachment":[{"href":"https:\/\/helloflowers.pl\/en\/wp-json\/wp\/v2\/media?parent=23791"}],"wp:term":[{"taxonomy":"product_brand","embeddable":true,"href":"https:\/\/helloflowers.pl\/en\/wp-json\/wp\/v2\/product_brand?post=23791"},{"taxonomy":"product_cat","embeddable":true,"href":"https:\/\/helloflowers.pl\/en\/wp-json\/wp\/v2\/product_cat?post=23791"},{"taxonomy":"product_tag","embeddable":true,"href":"https:\/\/helloflowers.pl\/en\/wp-json\/wp\/v2\/product_tag?post=23791"}],"curies":[{"name":"wp","href":"https:\/\/api.w.org\/{rel}","templated":true}]}}