{"id":23886,"date":"2023-01-19T18:17:55","date_gmt":"2023-01-19T17:17:55","guid":{"rendered":"https:\/\/helloflowers.pl\/?post_type=product&#038;p=23886"},"modified":"2026-04-17T17:41:13","modified_gmt":"2026-04-17T16:41:13","slug":"hello-flowers-x-love-czerwone-roze-w-duzym-czarnym-welurowym-boxie-swieze-kwiaty-w-pudelku-flower-box-walentynki","status":"publish","type":"product","link":"https:\/\/helloflowers.pl\/en\/sklep\/hello-flowers-x-love-czerwone-roze-w-duzym-czarnym-welurowym-boxie-swieze-kwiaty-w-pudelku-flower-box-walentynki\/","title":{"rendered":"Hello Flowers x Love | Czerwone r\u00f3\u017ce w du\u017cym czarnym welurowym boxie | \u015bwie\u017ce kwiaty w pude\u0142ku &#8211; flower box"},"content":{"rendered":"","protected":false},"excerpt":{"rendered":"<p>Wyj\u0105tkowa kompozycja zawieraj\u0105ca 20 czerwonych r\u00f3\u017c. Ca\u0142o\u015b\u0107 umieszczona w r\u0119cznie wykonanym limitowanym du\u017cym pude\u0142ku flower box, kt\u00f3ry pokryty jest przyjemnym w dotyku welurowym materia\u0142em. Pude\u0142ko w kolorze czerwonym.<\/p>\n<p>Flower box wyko\u0144czony logo w kszta\u0142cie serca ze z\u0142otymi napisami oraz firmow\u0105 wst\u0105\u017ck\u0105 w kolorze bordowym.<\/p>\n<p>COMMENTS:<\/p>\n<ul>\n<li>Ilo\u015b\u0107 r\u00f3\u017c: 20 sztuk<\/li>\n<li>Wymiary pude\u0142ka bez kompozycji: 20&#215;22 cm<\/li>\n<li>Kolor oraz odmiana r\u00f3\u017c b\u0119dzie jak najbardziej zbli\u017cona do prezentowanych na zdj\u0119ciu<\/li>\n<\/ul>","protected":false},"featured_media":23887,"template":"","meta":[],"product_brand":[],"product_cat":[132],"product_tag":[],"class_list":{"0":"post-23886","1":"product","2":"type-product","3":"status-publish","4":"has-post-thumbnail","6":"product_cat-edycja-limitowana","7":"sales-flash-overlay","8":"woocommerce-text-align-center","9":"woocommerce-image-align-center","10":"do-quantity-buttons","12":"first","13":"instock","14":"shipping-taxable","15":"purchasable","16":"product-type-simple"},"aioseo_notices":[],"_links":{"self":[{"href":"https:\/\/helloflowers.pl\/en\/wp-json\/wp\/v2\/product\/23886","targetHints":{"allow":["GET"]}}],"collection":[{"href":"https:\/\/helloflowers.pl\/en\/wp-json\/wp\/v2\/product"}],"about":[{"href":"https:\/\/helloflowers.pl\/en\/wp-json\/wp\/v2\/types\/product"}],"wp:featuredmedia":[{"embeddable":true,"href":"https:\/\/helloflowers.pl\/en\/wp-json\/wp\/v2\/media\/23887"}],"wp:attachment":[{"href":"https:\/\/helloflowers.pl\/en\/wp-json\/wp\/v2\/media?parent=23886"}],"wp:term":[{"taxonomy":"product_brand","embeddable":true,"href":"https:\/\/helloflowers.pl\/en\/wp-json\/wp\/v2\/product_brand?post=23886"},{"taxonomy":"product_cat","embeddable":true,"href":"https:\/\/helloflowers.pl\/en\/wp-json\/wp\/v2\/product_cat?post=23886"},{"taxonomy":"product_tag","embeddable":true,"href":"https:\/\/helloflowers.pl\/en\/wp-json\/wp\/v2\/product_tag?post=23886"}],"curies":[{"name":"wp","href":"https:\/\/api.w.org\/{rel}","templated":true}]}}