{"id":23975,"date":"2023-01-26T14:20:33","date_gmt":"2023-01-26T13:20:33","guid":{"rendered":"https:\/\/helloflowers.pl\/?post_type=product&#038;p=23975"},"modified":"2024-06-10T15:02:49","modified_gmt":"2024-06-10T14:02:49","slug":"hello-flowers-x-love-czerwona-gipsowka-w-duzym-pudelku-serce-swieze-kwiaty-w-pudelku-flower-box-walentynki","status":"publish","type":"product","link":"https:\/\/helloflowers.pl\/en\/sklep\/hello-flowers-x-love-czerwona-gipsowka-w-duzym-pudelku-serce-swieze-kwiaty-w-pudelku-flower-box-walentynki\/","title":{"rendered":"Czerwona \u015bwie\u017ca gips\u00f3wka w du\u017cym pude\u0142ku serce | \u015bwie\u017ce kwiaty w pude\u0142ku &#8211; flower box"},"content":{"rendered":"","protected":false},"excerpt":{"rendered":"<p>Jedyna taka kompozycja z czerwon\u0105 \u015bwie\u017c\u0105 gips\u00f3wk\u0105 w pude\u0142ku w kszta\u0142cie serca. Pude\u0142ko wyko\u0144czone przyjemnych w dotyku welurowym materia\u0142em w kolorze bia\u0142ym. Ca\u0142o\u015b\u0107 umieszczona w zamkni\u0119tym opakowaniu i wyko\u0144czona firmowymi wst\u0105\u017ckami Hello Flowers.<\/p>\n<p>COMMENTS:<\/p>\n<ul>\n<li>Kwiaty: \u015awie\u017ca gips\u00f3wka w kolorze czerwonym<\/li>\n<li>Wymiary kompozycji: 35 x 35 cm<\/li>\n<li>Wymiary ca\u0142kowite zestawu: 40 x 40 cm<\/li>\n<li>Ko\u0144cowy wygl\u0105d kompozycji b\u0119dzie jak najbardziej zbli\u017cony do prezentowanego na zdj\u0119ciu<\/li>\n<\/ul>","protected":false},"featured_media":23976,"template":"","meta":[],"product_brand":[],"product_cat":[207,132],"product_tag":[],"class_list":{"0":"post-23975","1":"product","2":"type-product","3":"status-publish","4":"has-post-thumbnail","6":"product_cat-premium","7":"product_cat-edycja-limitowana","8":"sales-flash-overlay","9":"woocommerce-text-align-center","10":"woocommerce-image-align-center","11":"do-quantity-buttons","13":"first","14":"outofstock","15":"shipping-taxable","16":"purchasable","17":"product-type-simple"},"aioseo_notices":[],"_links":{"self":[{"href":"https:\/\/helloflowers.pl\/en\/wp-json\/wp\/v2\/product\/23975","targetHints":{"allow":["GET"]}}],"collection":[{"href":"https:\/\/helloflowers.pl\/en\/wp-json\/wp\/v2\/product"}],"about":[{"href":"https:\/\/helloflowers.pl\/en\/wp-json\/wp\/v2\/types\/product"}],"wp:featuredmedia":[{"embeddable":true,"href":"https:\/\/helloflowers.pl\/en\/wp-json\/wp\/v2\/media\/23976"}],"wp:attachment":[{"href":"https:\/\/helloflowers.pl\/en\/wp-json\/wp\/v2\/media?parent=23975"}],"wp:term":[{"taxonomy":"product_brand","embeddable":true,"href":"https:\/\/helloflowers.pl\/en\/wp-json\/wp\/v2\/product_brand?post=23975"},{"taxonomy":"product_cat","embeddable":true,"href":"https:\/\/helloflowers.pl\/en\/wp-json\/wp\/v2\/product_cat?post=23975"},{"taxonomy":"product_tag","embeddable":true,"href":"https:\/\/helloflowers.pl\/en\/wp-json\/wp\/v2\/product_tag?post=23975"}],"curies":[{"name":"wp","href":"https:\/\/api.w.org\/{rel}","templated":true}]}}