{"id":24011,"date":"2023-02-05T20:46:00","date_gmt":"2023-02-05T19:46:00","guid":{"rendered":"https:\/\/helloflowers.pl\/?post_type=product&#038;p=24011"},"modified":"2026-02-16T14:11:38","modified_gmt":"2026-02-16T13:11:38","slug":"balon-z-helem-eliksir-milosci-serce-49-x-54-cm","status":"publish","type":"product","link":"https:\/\/helloflowers.pl\/en\/sklep\/balon-z-helem-eliksir-milosci-serce-49-x-54-cm\/","title":{"rendered":"Serce Balon z helem Eliksir mi\u0142o\u015bci 49 x 54 cm"},"content":{"rendered":"","protected":false},"excerpt":{"rendered":"<p>UWAGA! BALONY DOSTARCZAMY TYLKO RAZEM Z KOMPOZYCJAMI KWIATOWYMI!<\/p>\n<p>Balon\u00f3w foliowy Eliksir Mi\u0142o\u015bci Serce to wyj\u0105tkowa niespodzianka dla bliskiej osoby. Idealnie sprawdza si\u0119 jako dodatek do naszych kompozycji kwiatowych.<\/p>\n<p>Balon w kszta\u0142cie serca nape\u0142niony jest helem i zwi\u0105zany wst\u0105\u017ck\u0105 ozdobn\u0105 w zbli\u017conym kolorze.<\/p>\n<p>COMMENTS:<\/p>\n<ul>\n<li>Rozmiar balona &#8211; 49 x 54 cm<\/li>\n<\/ul>","protected":false},"featured_media":24010,"template":"","meta":[],"product_brand":[],"product_cat":[256],"product_tag":[],"class_list":{"0":"post-24011","1":"product","2":"type-product","3":"status-publish","4":"has-post-thumbnail","6":"product_cat-balony-z-helem","7":"sales-flash-overlay","8":"woocommerce-text-align-center","9":"woocommerce-image-align-center","10":"do-quantity-buttons","12":"first","13":"instock","14":"shipping-taxable","15":"purchasable","16":"product-type-simple"},"aioseo_notices":[],"_links":{"self":[{"href":"https:\/\/helloflowers.pl\/en\/wp-json\/wp\/v2\/product\/24011","targetHints":{"allow":["GET"]}}],"collection":[{"href":"https:\/\/helloflowers.pl\/en\/wp-json\/wp\/v2\/product"}],"about":[{"href":"https:\/\/helloflowers.pl\/en\/wp-json\/wp\/v2\/types\/product"}],"wp:featuredmedia":[{"embeddable":true,"href":"https:\/\/helloflowers.pl\/en\/wp-json\/wp\/v2\/media\/24010"}],"wp:attachment":[{"href":"https:\/\/helloflowers.pl\/en\/wp-json\/wp\/v2\/media?parent=24011"}],"wp:term":[{"taxonomy":"product_brand","embeddable":true,"href":"https:\/\/helloflowers.pl\/en\/wp-json\/wp\/v2\/product_brand?post=24011"},{"taxonomy":"product_cat","embeddable":true,"href":"https:\/\/helloflowers.pl\/en\/wp-json\/wp\/v2\/product_cat?post=24011"},{"taxonomy":"product_tag","embeddable":true,"href":"https:\/\/helloflowers.pl\/en\/wp-json\/wp\/v2\/product_tag?post=24011"}],"curies":[{"name":"wp","href":"https:\/\/api.w.org\/{rel}","templated":true}]}}