{"id":24163,"date":"2023-03-27T18:06:05","date_gmt":"2023-03-27T17:06:05","guid":{"rendered":"https:\/\/helloflowers.pl\/?post_type=product&#038;p=24163"},"modified":"2023-04-02T21:14:18","modified_gmt":"2023-04-02T20:14:18","slug":"wiosenna-kompozycja-w-szklanym-kloszu-krolik-kawiarz-kwiaty-w-szkle","status":"publish","type":"product","link":"https:\/\/helloflowers.pl\/en\/sklep\/wiosenna-kompozycja-w-szklanym-kloszu-krolik-kawiarz-kwiaty-w-szkle\/","title":{"rendered":"Wiosenna kompozycja w szklanym kloszu | Kr\u00f3lik Kawiarz | Kwiaty w szkle"},"content":{"rendered":"","protected":false},"excerpt":{"rendered":"<p>R\u0119cznie zdobiona wiosenna kompozycja wykonana na plastrze drewna, zamkni\u0119ta w szklanej kopule. Zestaw wykonany w kolorystyce zielonej z Kr\u00f3likiem z kubkiem kawy. Ca\u0142o\u015b\u0107 wyko\u0144czona wst\u0105\u017ck\u0105 ozdobn\u0105.<\/p>\n<p>COMMENTS:<\/p>\n<ul>\n<li>Wysoko\u015b\u0107 ca\u0142kowita &#8211; oko\u0142o 34 cm<\/li>\n<li>\u015arednica &#8211; oko\u0142o 22 cm<\/li>\n<li>Zawarto\u015b\u0107 zestawu &#8211; ceramiczny kr\u00f3lik, jajka dekoracyjne, zielony mech stabilizowany, sztuczne kwiaty<\/li>\n<li>Kompozycja zamkni\u0119ta szklanym kloszem (niewidoczna na zdj\u0119ciu)<\/li>\n<\/ul>\n<p>&nbsp;<\/p>","protected":false},"featured_media":24157,"template":"","meta":[],"product_brand":[],"product_cat":[203,222],"product_tag":[],"class_list":{"0":"post-24163","1":"product","2":"type-product","3":"status-publish","4":"has-post-thumbnail","6":"product_cat-sztuczne-kwiaty-dekoracje","7":"product_cat-dekoracje-swiateczne","8":"sales-flash-overlay","9":"woocommerce-text-align-center","10":"woocommerce-image-align-center","11":"do-quantity-buttons","13":"first","14":"outofstock","15":"shipping-taxable","16":"purchasable","17":"product-type-simple"},"aioseo_notices":[],"_links":{"self":[{"href":"https:\/\/helloflowers.pl\/en\/wp-json\/wp\/v2\/product\/24163","targetHints":{"allow":["GET"]}}],"collection":[{"href":"https:\/\/helloflowers.pl\/en\/wp-json\/wp\/v2\/product"}],"about":[{"href":"https:\/\/helloflowers.pl\/en\/wp-json\/wp\/v2\/types\/product"}],"wp:featuredmedia":[{"embeddable":true,"href":"https:\/\/helloflowers.pl\/en\/wp-json\/wp\/v2\/media\/24157"}],"wp:attachment":[{"href":"https:\/\/helloflowers.pl\/en\/wp-json\/wp\/v2\/media?parent=24163"}],"wp:term":[{"taxonomy":"product_brand","embeddable":true,"href":"https:\/\/helloflowers.pl\/en\/wp-json\/wp\/v2\/product_brand?post=24163"},{"taxonomy":"product_cat","embeddable":true,"href":"https:\/\/helloflowers.pl\/en\/wp-json\/wp\/v2\/product_cat?post=24163"},{"taxonomy":"product_tag","embeddable":true,"href":"https:\/\/helloflowers.pl\/en\/wp-json\/wp\/v2\/product_tag?post=24163"}],"curies":[{"name":"wp","href":"https:\/\/api.w.org\/{rel}","templated":true}]}}