{"id":24173,"date":"2023-03-29T20:22:02","date_gmt":"2023-03-29T19:22:02","guid":{"rendered":"https:\/\/helloflowers.pl\/?post_type=product&#038;p=24173"},"modified":"2025-10-30T13:28:40","modified_gmt":"2025-10-30T12:28:40","slug":"wielkanocna-kompozycja-na-czarnym-talerzu-wiosenny-zestaw-dekoracyjny","status":"publish","type":"product","link":"https:\/\/helloflowers.pl\/en\/sklep\/wielkanocna-kompozycja-na-czarnym-talerzu-wiosenny-zestaw-dekoracyjny\/","title":{"rendered":"Wielkanocna kompozycja na czarnym talerzu &#8211; wiosenny zestaw dekoracyjny"},"content":{"rendered":"","protected":false},"excerpt":{"rendered":"<p>R\u0119cznie zdobiona wiosenna kompozycja wykonana na czarnym talerzu z elementami z\u0142ota.<\/p>\n<p>\u015awi\u0105teczny zestaw z ceramicznym kr\u00f3likiem i jajkiem w kolorze z\u0142otym, przyozdobiony suszonymi kwiatami oraz sztucznymi jajkami w kolorze czarnym.<\/p>\n<p>COMMENTS:<\/p>\n<ul>\n<li>\u015arednica &#8211; oko\u0142o 40 cm<\/li>\n<li>Kompozycja wykonana r\u0119cznie od podstaw<\/li>\n<li>Kolorystyka czarno-z\u0142ota<\/li>\n<\/ul>","protected":false},"featured_media":24174,"template":"","meta":[],"product_brand":[],"product_cat":[222,203],"product_tag":[],"class_list":{"0":"post-24173","1":"product","2":"type-product","3":"status-publish","4":"has-post-thumbnail","6":"product_cat-dekoracje-swiateczne","7":"product_cat-sztuczne-kwiaty-dekoracje","8":"sales-flash-overlay","9":"woocommerce-text-align-center","10":"woocommerce-image-align-center","11":"do-quantity-buttons","13":"first","14":"outofstock","15":"shipping-taxable","16":"purchasable","17":"product-type-simple"},"aioseo_notices":[],"_links":{"self":[{"href":"https:\/\/helloflowers.pl\/en\/wp-json\/wp\/v2\/product\/24173","targetHints":{"allow":["GET"]}}],"collection":[{"href":"https:\/\/helloflowers.pl\/en\/wp-json\/wp\/v2\/product"}],"about":[{"href":"https:\/\/helloflowers.pl\/en\/wp-json\/wp\/v2\/types\/product"}],"wp:featuredmedia":[{"embeddable":true,"href":"https:\/\/helloflowers.pl\/en\/wp-json\/wp\/v2\/media\/24174"}],"wp:attachment":[{"href":"https:\/\/helloflowers.pl\/en\/wp-json\/wp\/v2\/media?parent=24173"}],"wp:term":[{"taxonomy":"product_brand","embeddable":true,"href":"https:\/\/helloflowers.pl\/en\/wp-json\/wp\/v2\/product_brand?post=24173"},{"taxonomy":"product_cat","embeddable":true,"href":"https:\/\/helloflowers.pl\/en\/wp-json\/wp\/v2\/product_cat?post=24173"},{"taxonomy":"product_tag","embeddable":true,"href":"https:\/\/helloflowers.pl\/en\/wp-json\/wp\/v2\/product_tag?post=24173"}],"curies":[{"name":"wp","href":"https:\/\/api.w.org\/{rel}","templated":true}]}}