{"id":24328,"date":"2023-08-10T19:40:40","date_gmt":"2023-08-10T18:40:40","guid":{"rendered":"https:\/\/helloflowers.pl\/?post_type=product&#038;p=24328"},"modified":"2026-02-24T16:38:33","modified_gmt":"2026-02-24T15:38:33","slug":"bukiet-140-rozowych-roz-bukiet-kwiatowy","status":"publish","type":"product","link":"https:\/\/helloflowers.pl\/en\/sklep\/bukiet-140-rozowych-roz-bukiet-kwiatowy\/","title":{"rendered":"Bukiet 140 r\u00f3\u017cowych r\u00f3\u017c | bukiet kwiatowy"},"content":{"rendered":"","protected":false},"excerpt":{"rendered":"<p>Kompozycja kwiatowa sk\u0142adaj\u0105ca si\u0119 z 140 r\u00f3\u017c w kolorze r\u00f3\u017cowym wykonana w kszta\u0142cie p\u00f3\u0142kuli.<\/p>\n<p>COMMENTS:<\/p>\n<ul>\n<li>Ilo\u015b\u0107 r\u00f3\u017c \u2013 140 sztuk<\/li>\n<li>D\u0142ugo\u015b\u0107 r\u00f3\u017c &#8211; 60-70 cm<\/li>\n<li>Kolor r\u00f3\u017c oraz ostateczny wygl\u0105d bukietu b\u0119dzie jak najbardziej zbli\u017cony do prezentowanego na zdj\u0119ciu<\/li>\n<\/ul>","protected":false},"featured_media":24329,"template":"","meta":[],"product_brand":[],"product_cat":[220,207],"product_tag":[],"class_list":{"0":"post-24328","1":"product","2":"type-product","3":"status-publish","4":"has-post-thumbnail","6":"product_cat-bukiety","7":"product_cat-premium","8":"sales-flash-overlay","9":"woocommerce-text-align-center","10":"woocommerce-image-align-center","11":"do-quantity-buttons","13":"first","14":"instock","15":"shipping-taxable","16":"purchasable","17":"product-type-simple"},"aioseo_notices":[],"_links":{"self":[{"href":"https:\/\/helloflowers.pl\/en\/wp-json\/wp\/v2\/product\/24328","targetHints":{"allow":["GET"]}}],"collection":[{"href":"https:\/\/helloflowers.pl\/en\/wp-json\/wp\/v2\/product"}],"about":[{"href":"https:\/\/helloflowers.pl\/en\/wp-json\/wp\/v2\/types\/product"}],"wp:featuredmedia":[{"embeddable":true,"href":"https:\/\/helloflowers.pl\/en\/wp-json\/wp\/v2\/media\/24329"}],"wp:attachment":[{"href":"https:\/\/helloflowers.pl\/en\/wp-json\/wp\/v2\/media?parent=24328"}],"wp:term":[{"taxonomy":"product_brand","embeddable":true,"href":"https:\/\/helloflowers.pl\/en\/wp-json\/wp\/v2\/product_brand?post=24328"},{"taxonomy":"product_cat","embeddable":true,"href":"https:\/\/helloflowers.pl\/en\/wp-json\/wp\/v2\/product_cat?post=24328"},{"taxonomy":"product_tag","embeddable":true,"href":"https:\/\/helloflowers.pl\/en\/wp-json\/wp\/v2\/product_tag?post=24328"}],"curies":[{"name":"wp","href":"https:\/\/api.w.org\/{rel}","templated":true}]}}