{"id":24337,"date":"2023-08-21T16:24:08","date_gmt":"2023-08-21T15:24:08","guid":{"rendered":"https:\/\/helloflowers.pl\/?post_type=product&#038;p=24337"},"modified":"2025-06-05T10:51:41","modified_gmt":"2025-06-05T09:51:41","slug":"bukiet-z-70-bialych-bukiet-kwiatowy-w-papierze-ozdobnym","status":"publish","type":"product","link":"https:\/\/helloflowers.pl\/en\/sklep\/bukiet-z-70-bialych-bukiet-kwiatowy-w-papierze-ozdobnym\/","title":{"rendered":"Bukiet z 80 bia\u0142ych | bukiet kwiatowy w papierze ozdobnym"},"content":{"rendered":"","protected":false},"excerpt":{"rendered":"<p>Kompozycja kwiatowa sk\u0142adaj\u0105ca si\u0119 z 80 r\u00f3\u017c w kolorze bia\u0142ym wykonana w kszta\u0142cie p\u00f3\u0142kuli.<\/p>\n<p>COMMENTS:<\/p>\n<ul>\n<li>Ilo\u015b\u0107 r\u00f3\u017c \u2013 80 sztuk<\/li>\n<li>D\u0142ugo\u015b\u0107 r\u00f3\u017c &#8211; 60-70 cm<\/li>\n<li>Kolor r\u00f3\u017c\u00a0 oraz ostateczny wygl\u0105d b\u0119dzie jak najbardziej zbli\u017cony do prezentowanego na zdj\u0119ciu<\/li>\n<\/ul>","protected":false},"featured_media":24338,"template":"","meta":[],"product_brand":[],"product_cat":[220],"product_tag":[],"class_list":{"0":"post-24337","1":"product","2":"type-product","3":"status-publish","4":"has-post-thumbnail","6":"product_cat-bukiety","7":"sales-flash-overlay","8":"woocommerce-text-align-center","9":"woocommerce-image-align-center","10":"do-quantity-buttons","12":"first","13":"instock","14":"shipping-taxable","15":"purchasable","16":"product-type-simple"},"aioseo_notices":[],"_links":{"self":[{"href":"https:\/\/helloflowers.pl\/en\/wp-json\/wp\/v2\/product\/24337","targetHints":{"allow":["GET"]}}],"collection":[{"href":"https:\/\/helloflowers.pl\/en\/wp-json\/wp\/v2\/product"}],"about":[{"href":"https:\/\/helloflowers.pl\/en\/wp-json\/wp\/v2\/types\/product"}],"wp:featuredmedia":[{"embeddable":true,"href":"https:\/\/helloflowers.pl\/en\/wp-json\/wp\/v2\/media\/24338"}],"wp:attachment":[{"href":"https:\/\/helloflowers.pl\/en\/wp-json\/wp\/v2\/media?parent=24337"}],"wp:term":[{"taxonomy":"product_brand","embeddable":true,"href":"https:\/\/helloflowers.pl\/en\/wp-json\/wp\/v2\/product_brand?post=24337"},{"taxonomy":"product_cat","embeddable":true,"href":"https:\/\/helloflowers.pl\/en\/wp-json\/wp\/v2\/product_cat?post=24337"},{"taxonomy":"product_tag","embeddable":true,"href":"https:\/\/helloflowers.pl\/en\/wp-json\/wp\/v2\/product_tag?post=24337"}],"curies":[{"name":"wp","href":"https:\/\/api.w.org\/{rel}","templated":true}]}}