{"id":24379,"date":"2023-09-29T13:30:13","date_gmt":"2023-09-29T12:30:13","guid":{"rendered":"https:\/\/helloflowers.pl\/?post_type=product&#038;p=24379"},"modified":"2023-10-07T18:49:12","modified_gmt":"2023-10-07T17:49:12","slug":"jesienna-kompozycja-w-srednim-bezowym-welurowym-boxie-zestaw-w-pudelku-flower-box","status":"publish","type":"product","link":"https:\/\/helloflowers.pl\/en\/sklep\/jesienna-kompozycja-w-srednim-bezowym-welurowym-boxie-zestaw-w-pudelku-flower-box\/","title":{"rendered":"Jesienna kompozycja w \u015brednim be\u017cowym welurowym boxie &#8211; zestaw w pude\u0142ku flower box"},"content":{"rendered":"","protected":false},"excerpt":{"rendered":"<p>R\u0119cznie wykonana jesienna kompozycja wykonana w \u015brednim pude\u0142ku pokrytym welurowym materia\u0142em w kolorze be\u017cowym. Zestaw zawiera wysokiej jako\u015bci suszone i sztuczne kwiaty.<\/p>\n<p>COMMENTS:<\/p>\n<ul>\n<li>Wysoko\u015b\u0107 ca\u0142kowita &#8211; oko\u0142o 30 cm<\/li>\n<li>\u015arednica &#8211; oko\u0142o 20 cm<\/li>\n<li>Kompozycja wykonana r\u0119cznie od podstaw &#8211; jej ostateczny wygl\u0105d mo\u017ce nieznacznie si\u0119 r\u00f3\u017cni\u0107 od prezentowanego na zdj\u0119ciu<\/li>\n<\/ul>","protected":false},"featured_media":24380,"template":"","meta":[],"product_brand":[],"product_cat":[132,203],"product_tag":[],"class_list":{"0":"post-24379","1":"product","2":"type-product","3":"status-publish","4":"has-post-thumbnail","6":"product_cat-edycja-limitowana","7":"product_cat-sztuczne-kwiaty-dekoracje","8":"sales-flash-overlay","9":"woocommerce-text-align-center","10":"woocommerce-image-align-center","11":"do-quantity-buttons","13":"first","14":"outofstock","15":"shipping-taxable","16":"purchasable","17":"product-type-simple"},"aioseo_notices":[],"_links":{"self":[{"href":"https:\/\/helloflowers.pl\/en\/wp-json\/wp\/v2\/product\/24379","targetHints":{"allow":["GET"]}}],"collection":[{"href":"https:\/\/helloflowers.pl\/en\/wp-json\/wp\/v2\/product"}],"about":[{"href":"https:\/\/helloflowers.pl\/en\/wp-json\/wp\/v2\/types\/product"}],"wp:featuredmedia":[{"embeddable":true,"href":"https:\/\/helloflowers.pl\/en\/wp-json\/wp\/v2\/media\/24380"}],"wp:attachment":[{"href":"https:\/\/helloflowers.pl\/en\/wp-json\/wp\/v2\/media?parent=24379"}],"wp:term":[{"taxonomy":"product_brand","embeddable":true,"href":"https:\/\/helloflowers.pl\/en\/wp-json\/wp\/v2\/product_brand?post=24379"},{"taxonomy":"product_cat","embeddable":true,"href":"https:\/\/helloflowers.pl\/en\/wp-json\/wp\/v2\/product_cat?post=24379"},{"taxonomy":"product_tag","embeddable":true,"href":"https:\/\/helloflowers.pl\/en\/wp-json\/wp\/v2\/product_tag?post=24379"}],"curies":[{"name":"wp","href":"https:\/\/api.w.org\/{rel}","templated":true}]}}