{"id":24384,"date":"2023-10-01T12:44:31","date_gmt":"2023-10-01T11:44:31","guid":{"rendered":"https:\/\/helloflowers.pl\/?post_type=product&#038;p=24384"},"modified":"2023-10-16T14:19:38","modified_gmt":"2023-10-16T13:19:38","slug":"zestaw-jesienna-kompozycja-w-duzym-bezowym-welurowym-boxie-swieca-sojowa-cashmere-woods","status":"publish","type":"product","link":"https:\/\/helloflowers.pl\/en\/sklep\/zestaw-jesienna-kompozycja-w-duzym-bezowym-welurowym-boxie-swieca-sojowa-cashmere-woods\/","title":{"rendered":"ZESTAW Jesienna kompozycja w du\u017cym be\u017cowym welurowym boxie + \u015awieca sojowa Cashmere Woods"},"content":{"rendered":"","protected":false},"excerpt":{"rendered":"<p>JESIENNY ZESTAW Kompozycja flower box oraz naturalna \u015bwieca sojowa o zapachu Cashmere Woods<\/p>\n<p>R\u0119cznie wykonana jesienna kompozycja wykonana w du\u017cym pude\u0142ku pokrytym welurowym materia\u0142em w kolorze be\u017cowym. Zestaw ze sztucznymi kwiatami wysokiej jako\u015bci oraz suszonymi dodatkami. Ca\u0142o\u015b\u0107 wyko\u0144czona wst\u0105\u017ckami ozdobnymi.<\/p>\n<p>\u015awiece sojowe to ekologiczny produkt, kt\u00f3ry\u00a0nie emituje szkodliwych\u00a0substancji. Ka\u017cda \u015bwieca zawiera\u00a0drewniany\u00a0knot, kt\u00f3ry dodaje jej uroku podczas palenia.<\/p>\n<p>ZAPACH CASHMERE WOODS<\/p>\n<h4>Nuty g\u0142owy: Bergamotka, czerwona jagoda, frezja;<br \/>\nNuty serca: Lawenda, kwiaty wodne, ja\u015bmin, r\u00f3\u017ca, any\u017c;<br \/>\nNuty bazowe: Kaszmir, tonka, bursztyn, wanilia.<\/h4>\n<p>COMMENTS:<\/p>\n<ul>\n<li>Pude\u0142ko jesienne z edycji limitowanej &#8211; dost\u0119pna tylko jedna sztuka!<\/li>\n<li>Wysoko\u015b\u0107 ca\u0142kowita &#8211; oko\u0142o 35 cm<\/li>\n<li>\u015arednica &#8211; oko\u0142o 25 cm<\/li>\n<li>Kompozycja wykonana r\u0119cznie od podstaw &#8211; jej ostateczny wygl\u0105d mo\u017ce nieznacznie si\u0119 r\u00f3\u017cni\u0107 od prezentowanego na zdj\u0119ciu<\/li>\n<li>Pojemno\u015b\u0107 \u015bwiecy: 180 ml<\/li>\n<li>Czas palenia: oko\u0142o 30 godzin<\/li>\n<li>Ka\u017cda \u015bwieca posiada szczelne wieczko oraz instrukcj\u0119 palenia \u015bwiecy<\/li>\n<li>Intensywno\u015b\u0107 zapachu: Zapach jest najbardziej intensywny w pomieszczeniach do 20 m2<\/li>\n<\/ul>","protected":false},"featured_media":24383,"template":"","meta":[],"product_brand":[],"product_cat":[132,203],"product_tag":[],"class_list":{"0":"post-24384","1":"product","2":"type-product","3":"status-publish","4":"has-post-thumbnail","6":"product_cat-edycja-limitowana","7":"product_cat-sztuczne-kwiaty-dekoracje","8":"sales-flash-overlay","9":"woocommerce-text-align-center","10":"woocommerce-image-align-center","11":"do-quantity-buttons","13":"first","14":"outofstock","15":"shipping-taxable","16":"purchasable","17":"product-type-simple"},"aioseo_notices":[],"_links":{"self":[{"href":"https:\/\/helloflowers.pl\/en\/wp-json\/wp\/v2\/product\/24384","targetHints":{"allow":["GET"]}}],"collection":[{"href":"https:\/\/helloflowers.pl\/en\/wp-json\/wp\/v2\/product"}],"about":[{"href":"https:\/\/helloflowers.pl\/en\/wp-json\/wp\/v2\/types\/product"}],"wp:featuredmedia":[{"embeddable":true,"href":"https:\/\/helloflowers.pl\/en\/wp-json\/wp\/v2\/media\/24383"}],"wp:attachment":[{"href":"https:\/\/helloflowers.pl\/en\/wp-json\/wp\/v2\/media?parent=24384"}],"wp:term":[{"taxonomy":"product_brand","embeddable":true,"href":"https:\/\/helloflowers.pl\/en\/wp-json\/wp\/v2\/product_brand?post=24384"},{"taxonomy":"product_cat","embeddable":true,"href":"https:\/\/helloflowers.pl\/en\/wp-json\/wp\/v2\/product_cat?post=24384"},{"taxonomy":"product_tag","embeddable":true,"href":"https:\/\/helloflowers.pl\/en\/wp-json\/wp\/v2\/product_tag?post=24384"}],"curies":[{"name":"wp","href":"https:\/\/api.w.org\/{rel}","templated":true}]}}