{"id":24459,"date":"2023-11-14T21:34:18","date_gmt":"2023-11-14T20:34:18","guid":{"rendered":"https:\/\/helloflowers.pl\/?post_type=product&#038;p=24459"},"modified":"2024-11-21T10:23:13","modified_gmt":"2024-11-21T09:23:13","slug":"swiateczna-kompozycja-w-mini-szklanym-kloszu-renifer","status":"publish","type":"product","link":"https:\/\/helloflowers.pl\/en\/sklep\/swiateczna-kompozycja-w-mini-szklanym-kloszu-renifer\/","title":{"rendered":"\u015awi\u0105teczna kompozycja w mini szklanym kloszu &#8211; Renifer"},"content":{"rendered":"","protected":false},"excerpt":{"rendered":"<h3><strong>Kolekcja \u015bwi\u0105teczna 2023<\/strong><\/h3>\n<p>Szukasz niepowtarzalnego dodatku do swojej kolekcji dekoracyjnej na \u015bwi\u0119ta? Oto propozycja, kt\u00f3ra wprowadzi magiczn\u0105 atmosfer\u0119 do Twojego domu &#8211; popiersie renifera w szklanym kloszu! To wyj\u0105tkowa dekoracja, kt\u00f3ra przynosi \u015bwi\u0105teczny urok i oryginalno\u015b\u0107 do wn\u0119trza.<\/p>\n<p>Popiersie renifera zosta\u0142o starannie wykonane z dba\u0142o\u015bci\u0105 o detale, co dodaje mu wyj\u0105tkowego uroku i autentyczno\u015bci.<\/p>\n<p>COMMENTS:<\/p>\n<ul>\n<li>Wysoko\u015b\u0107 ca\u0142kowita &#8211; oko\u0142o 25 cm<\/li>\n<li>\u015arednica &#8211; oko\u0142o 16 cm<\/li>\n<li>Zawarto\u015b\u0107 zestawu &#8211; Popiersie Renifera, bombki dekoracyjne, choinki oraz susz dekoracyjny.<\/li>\n<li>Kompozycja wykonywana r\u0119cznie od podstaw &#8211; jej ostateczny wygl\u0105d b\u0119dzie jak najbardziej zbli\u017cony do przedstawionego na zdj\u0119ciu.<\/li>\n<\/ul>\n<p>&nbsp;<\/p>","protected":false},"featured_media":24460,"template":"","meta":[],"product_brand":[],"product_cat":[222],"product_tag":[],"class_list":{"0":"post-24459","1":"product","2":"type-product","3":"status-publish","4":"has-post-thumbnail","6":"product_cat-dekoracje-swiateczne","7":"sales-flash-overlay","8":"woocommerce-text-align-center","9":"woocommerce-image-align-center","10":"do-quantity-buttons","12":"first","13":"outofstock","14":"shipping-taxable","15":"purchasable","16":"product-type-simple"},"aioseo_notices":[],"_links":{"self":[{"href":"https:\/\/helloflowers.pl\/en\/wp-json\/wp\/v2\/product\/24459","targetHints":{"allow":["GET"]}}],"collection":[{"href":"https:\/\/helloflowers.pl\/en\/wp-json\/wp\/v2\/product"}],"about":[{"href":"https:\/\/helloflowers.pl\/en\/wp-json\/wp\/v2\/types\/product"}],"wp:featuredmedia":[{"embeddable":true,"href":"https:\/\/helloflowers.pl\/en\/wp-json\/wp\/v2\/media\/24460"}],"wp:attachment":[{"href":"https:\/\/helloflowers.pl\/en\/wp-json\/wp\/v2\/media?parent=24459"}],"wp:term":[{"taxonomy":"product_brand","embeddable":true,"href":"https:\/\/helloflowers.pl\/en\/wp-json\/wp\/v2\/product_brand?post=24459"},{"taxonomy":"product_cat","embeddable":true,"href":"https:\/\/helloflowers.pl\/en\/wp-json\/wp\/v2\/product_cat?post=24459"},{"taxonomy":"product_tag","embeddable":true,"href":"https:\/\/helloflowers.pl\/en\/wp-json\/wp\/v2\/product_tag?post=24459"}],"curies":[{"name":"wp","href":"https:\/\/api.w.org\/{rel}","templated":true}]}}