{"id":24486,"date":"2023-11-22T15:21:46","date_gmt":"2023-11-22T14:21:46","guid":{"rendered":"https:\/\/helloflowers.pl\/?post_type=product&#038;p=24486"},"modified":"2024-05-24T16:51:50","modified_gmt":"2024-05-24T15:51:50","slug":"bukiet-25-bialych-gozdzikow-bukiet-kwiatowy","status":"publish","type":"product","link":"https:\/\/helloflowers.pl\/en\/sklep\/bukiet-25-bialych-gozdzikow-bukiet-kwiatowy\/","title":{"rendered":"Bukiet 25 bia\u0142ych go\u017adzik\u00f3w | Bukiet kwiatowy"},"content":{"rendered":"","protected":false},"excerpt":{"rendered":"<p><strong>25 Bia\u0142ych Go\u017adzik\u00f3w &#8211; Wyj\u0105tkowy Wyraz Delikatno\u015bci<\/strong><\/p>\n<p>Kompozycja kwiatowa sk\u0142adaj\u0105ca si\u0119 z 25 go\u017adzik\u00f3w w kolorze bia\u0142ym z dodatkami suszonych kwiat\u00f3w w z\u0142otym odcieniu.<\/p>\n<p>Bia\u0142e go\u017adziki od wiek\u00f3w s\u0105 symbolem niewinno\u015bci, czysto\u015bci i delikatno\u015bci. To idealny prezent na wyj\u0105tkowe chwile \u017cycia. Nasz bukiet z 25 bia\u0142ych go\u017adzik\u00f3w podkre\u015bla wyj\u0105tkowo\u015b\u0107 chwili i wyra\u017ca najpi\u0119kniejsze uczucia.<\/p>\n<p>COMMENTS:<\/p>\n<ul>\n<li>Kompozycja sk\u0142ada si\u0119 z 25 bia\u0142ych go\u017adzik\u00f3w<\/li>\n<li>Ostateczny wygl\u0105d b\u0119dzie jak najbardziej zbli\u017cony do prezentowanego na zdj\u0119ciu<\/li>\n<\/ul>","protected":false},"featured_media":24487,"template":"","meta":[],"product_brand":[],"product_cat":[220],"product_tag":[],"class_list":{"0":"post-24486","1":"product","2":"type-product","3":"status-publish","4":"has-post-thumbnail","6":"product_cat-bukiety","7":"sales-flash-overlay","8":"woocommerce-text-align-center","9":"woocommerce-image-align-center","10":"do-quantity-buttons","12":"first","13":"outofstock","14":"shipping-taxable","15":"purchasable","16":"product-type-simple"},"aioseo_notices":[],"_links":{"self":[{"href":"https:\/\/helloflowers.pl\/en\/wp-json\/wp\/v2\/product\/24486","targetHints":{"allow":["GET"]}}],"collection":[{"href":"https:\/\/helloflowers.pl\/en\/wp-json\/wp\/v2\/product"}],"about":[{"href":"https:\/\/helloflowers.pl\/en\/wp-json\/wp\/v2\/types\/product"}],"wp:featuredmedia":[{"embeddable":true,"href":"https:\/\/helloflowers.pl\/en\/wp-json\/wp\/v2\/media\/24487"}],"wp:attachment":[{"href":"https:\/\/helloflowers.pl\/en\/wp-json\/wp\/v2\/media?parent=24486"}],"wp:term":[{"taxonomy":"product_brand","embeddable":true,"href":"https:\/\/helloflowers.pl\/en\/wp-json\/wp\/v2\/product_brand?post=24486"},{"taxonomy":"product_cat","embeddable":true,"href":"https:\/\/helloflowers.pl\/en\/wp-json\/wp\/v2\/product_cat?post=24486"},{"taxonomy":"product_tag","embeddable":true,"href":"https:\/\/helloflowers.pl\/en\/wp-json\/wp\/v2\/product_tag?post=24486"}],"curies":[{"name":"wp","href":"https:\/\/api.w.org\/{rel}","templated":true}]}}