{"id":24508,"date":"2023-12-01T16:14:38","date_gmt":"2023-12-01T15:14:38","guid":{"rendered":"https:\/\/helloflowers.pl\/?post_type=product&#038;p=24508"},"modified":"2023-12-13T16:42:59","modified_gmt":"2023-12-13T15:42:59","slug":"swiateczna-kompozycja-na-drewnie-dziadek-do-orzechow-zloty","status":"publish","type":"product","link":"https:\/\/helloflowers.pl\/en\/sklep\/swiateczna-kompozycja-na-drewnie-dziadek-do-orzechow-zloty\/","title":{"rendered":"\u015awi\u0105teczna kompozycja na drewnie Dziadek do orzech\u00f3w Z\u0142oty"},"content":{"rendered":"","protected":false},"excerpt":{"rendered":"<h3><strong>Kolekcja \u015bwi\u0105teczna 2023<\/strong><\/h3>\n<p>R\u0119cznie zdobiona \u015bwi\u0105teczna kompozycja wykonana na drewnianej podstawce.<\/p>\n<p>\u015awi\u0105teczny Zestaw: Dziadek do Orzech\u00f3w na Eleganckiej Drewnianej Podstawce<\/p>\n<p>Rozpocznij magiczny sezon \u015bwi\u0105teczny z naszym wyj\u0105tkowym zestawem zawieraj\u0105cym tradycyjnego &#8222;Dziadka do Orzech\u00f3w&#8221; uroczo umieszczonego na solidnej drewnianej podstawce. To doskona\u0142y prezent, kt\u00f3ry wprowadzi do Twojego domu wyj\u0105tkowy urok i nostalgiczne wspomnienia.<\/p>\n<p>Ka\u017cdy szczeg\u00f3\u0142 jest starannie wykonany, by odda\u0107 klimat magicznych \u015awi\u0105t Bo\u017cego Narodzenia.<\/p>\n<p>Doskona\u0142y Prezent \u015awi\u0105teczny: Niezwykle pi\u0119kny i symboliczny, ten zestaw to idealny upominek dla mi\u0142o\u015bnik\u00f3w tradycji \u015bwi\u0105tecznych oraz os\u00f3b ceni\u0105cych wyj\u0105tkowe ozdoby.<\/p>\n<p>Doskona\u0142e jako\u015bciowo produkty \u015bwi\u0105teczne s\u0105 kluczowym elementem wprowadzaj\u0105cym wyj\u0105tkow\u0105 atmosfer\u0119 do Twojego domu. Nie czekaj, by poczu\u0107 czar Bo\u017cego Narodzenia ju\u017c teraz!<\/p>\n<p>COMMENTS:<\/p>\n<ul>\n<li>Wysoko\u015b\u0107 ca\u0142kowita &#8211; oko\u0142o 27 cm<\/li>\n<li>Kompozycja wykonywana od podstaw &#8211; jej ostateczny wygl\u0105d b\u0119dzie jak najbardziej zbli\u017cony do przedstawionego na zdj\u0119ciu.<\/li>\n<\/ul>\n<p>&nbsp;<\/p>","protected":false},"featured_media":24506,"template":"","meta":[],"product_brand":[],"product_cat":[222],"product_tag":[],"class_list":{"0":"post-24508","1":"product","2":"type-product","3":"status-publish","4":"has-post-thumbnail","6":"product_cat-dekoracje-swiateczne","7":"sales-flash-overlay","8":"woocommerce-text-align-center","9":"woocommerce-image-align-center","10":"do-quantity-buttons","12":"first","13":"outofstock","14":"shipping-taxable","15":"purchasable","16":"product-type-simple"},"aioseo_notices":[],"_links":{"self":[{"href":"https:\/\/helloflowers.pl\/en\/wp-json\/wp\/v2\/product\/24508","targetHints":{"allow":["GET"]}}],"collection":[{"href":"https:\/\/helloflowers.pl\/en\/wp-json\/wp\/v2\/product"}],"about":[{"href":"https:\/\/helloflowers.pl\/en\/wp-json\/wp\/v2\/types\/product"}],"wp:featuredmedia":[{"embeddable":true,"href":"https:\/\/helloflowers.pl\/en\/wp-json\/wp\/v2\/media\/24506"}],"wp:attachment":[{"href":"https:\/\/helloflowers.pl\/en\/wp-json\/wp\/v2\/media?parent=24508"}],"wp:term":[{"taxonomy":"product_brand","embeddable":true,"href":"https:\/\/helloflowers.pl\/en\/wp-json\/wp\/v2\/product_brand?post=24508"},{"taxonomy":"product_cat","embeddable":true,"href":"https:\/\/helloflowers.pl\/en\/wp-json\/wp\/v2\/product_cat?post=24508"},{"taxonomy":"product_tag","embeddable":true,"href":"https:\/\/helloflowers.pl\/en\/wp-json\/wp\/v2\/product_tag?post=24508"}],"curies":[{"name":"wp","href":"https:\/\/api.w.org\/{rel}","templated":true}]}}