{"id":24570,"date":"2024-01-14T14:45:28","date_gmt":"2024-01-14T13:45:28","guid":{"rendered":"https:\/\/helloflowers.pl\/?post_type=product&#038;p=24570"},"modified":"2024-01-15T17:18:27","modified_gmt":"2024-01-15T16:18:27","slug":"kompozycja-swiezych-kwiatow-w-srednim-rozowym-welurowym-boxie-kochanej-babci-kwiaty-w-pudelkach-flower-box-dzien-babci","status":"publish","type":"product","link":"https:\/\/helloflowers.pl\/en\/sklep\/kompozycja-swiezych-kwiatow-w-srednim-rozowym-welurowym-boxie-kochanej-babci-kwiaty-w-pudelkach-flower-box-dzien-babci\/","title":{"rendered":"Kompozycja \u015bwie\u017cych kwiat\u00f3w w \u015brednim r\u00f3\u017cowym welurowym boxie Kochanej Babci &#8211; kwiaty w pude\u0142kach | flower box Dzie\u0144 Babci"},"content":{"rendered":"","protected":false},"excerpt":{"rendered":"<p>Daj Twojej Babci prezent, kt\u00f3ry poruszy jej serce. Nasze kompozycje \u015bwie\u017cych kwiat\u00f3w w pude\u0142ku mog\u0105 uczyni\u0107 Dzie\u0144 Babci niezapomnianym. Wyra\u017acie mi\u0142o\u015b\u0107 przez pi\u0119kno kwiat\u00f3w!<\/p>\n<p>Mamy przyjemno\u015b\u0107 przedstawienia wyj\u0105tkowej kolekcji pude\u0142ek z okazji Dnia Babci, kt\u00f3re s\u0105 nie tylko pe\u0142ne \u015bwie\u017co\u015bci, ale tak\u017ce emanuj\u0105 delikatno\u015bci\u0105 na jak\u0105 zas\u0142uguj\u0105 Wasze Babci\u0119.<\/p>\n<p>Nasze kompozycje kwiatowe w pude\u0142ku na Dzie\u0144 Babci to wyj\u0105tkowy prezent, kt\u00f3ry po\u0142\u0105czy tradycj\u0119 z nowoczesnym podej\u015bciem do pi\u0119kna. Ka\u017cdy bukiet jest starannie skomponowany z naj\u015bwie\u017cszych kwiat\u00f3w, aby\u015bcie mogli przekaza\u0107 Wasze uczucia w najpi\u0119kniejszy spos\u00f3b.<\/p>\n<p>Ca\u0142o\u015b\u0107 wyko\u0144czona wysokiej jako\u015bci wst\u0105\u017ckami ozdobnymi.<\/p>\n<p>COMMENTS:<\/p>\n<ul>\n<li>Wymiary pude\u0142ka bez kompozycji: 18&#215;15 cm<\/li>\n<li>Flowers are placed in a floral sponge soaked in water - their freshness is the same as that of flowers in a vase<\/li>\n<li>Ostateczny wygl\u0105d bukietu mo\u017ce odrobin\u0119 r\u00f3\u017cni\u0107 si\u0119 od kompozycji przedstawionej na zdj\u0119ciu.<\/li>\n<\/ul>","protected":false},"featured_media":24569,"template":"","meta":[],"product_brand":[],"product_cat":[207,132,129],"product_tag":[],"class_list":{"0":"post-24570","1":"product","2":"type-product","3":"status-publish","4":"has-post-thumbnail","6":"product_cat-premium","7":"product_cat-edycja-limitowana","8":"product_cat-duze-boxy","9":"sales-flash-overlay","10":"woocommerce-text-align-center","11":"woocommerce-image-align-center","12":"do-quantity-buttons","14":"first","15":"outofstock","16":"shipping-taxable","17":"purchasable","18":"product-type-simple"},"aioseo_notices":[],"_links":{"self":[{"href":"https:\/\/helloflowers.pl\/en\/wp-json\/wp\/v2\/product\/24570","targetHints":{"allow":["GET"]}}],"collection":[{"href":"https:\/\/helloflowers.pl\/en\/wp-json\/wp\/v2\/product"}],"about":[{"href":"https:\/\/helloflowers.pl\/en\/wp-json\/wp\/v2\/types\/product"}],"wp:featuredmedia":[{"embeddable":true,"href":"https:\/\/helloflowers.pl\/en\/wp-json\/wp\/v2\/media\/24569"}],"wp:attachment":[{"href":"https:\/\/helloflowers.pl\/en\/wp-json\/wp\/v2\/media?parent=24570"}],"wp:term":[{"taxonomy":"product_brand","embeddable":true,"href":"https:\/\/helloflowers.pl\/en\/wp-json\/wp\/v2\/product_brand?post=24570"},{"taxonomy":"product_cat","embeddable":true,"href":"https:\/\/helloflowers.pl\/en\/wp-json\/wp\/v2\/product_cat?post=24570"},{"taxonomy":"product_tag","embeddable":true,"href":"https:\/\/helloflowers.pl\/en\/wp-json\/wp\/v2\/product_tag?post=24570"}],"curies":[{"name":"wp","href":"https:\/\/api.w.org\/{rel}","templated":true}]}}