{"id":24573,"date":"2024-01-16T15:10:19","date_gmt":"2024-01-16T14:10:19","guid":{"rendered":"https:\/\/helloflowers.pl\/?post_type=product&#038;p=24573"},"modified":"2026-01-19T20:08:49","modified_gmt":"2026-01-19T19:08:49","slug":"gozdziki-i-eukaliptus-w-malym-szarym-welurowym-boxie-kochanej-babci-kwiaty-w-pudelkach-flower-box-dzien-babci","status":"publish","type":"product","link":"https:\/\/helloflowers.pl\/en\/sklep\/gozdziki-i-eukaliptus-w-malym-szarym-welurowym-boxie-kochanej-babci-kwiaty-w-pudelkach-flower-box-dzien-babci\/","title":{"rendered":"Bia\u0142e Go\u017adziki i Eukaliptus w ma\u0142ym szarym welurowym boxie Kochanej Babci &#8211; kwiaty w pude\u0142kach | flower box"},"content":{"rendered":"","protected":false},"excerpt":{"rendered":"<p>Daj Twojej Babci prezent, kt\u00f3ry poruszy jej serce. Nasze kompozycje \u015bwie\u017cych kwiat\u00f3w w pude\u0142ku mog\u0105 uczyni\u0107 Dzie\u0144 Babci niezapomnianym. Wyra\u017acie mi\u0142o\u015b\u0107 przez pi\u0119kno kwiat\u00f3w!<\/p>\n<p>Mamy przyjemno\u015b\u0107 przedstawienia wyj\u0105tkowej kolekcji pude\u0142ek z okazji Dnia Babci, kt\u00f3re s\u0105 nie tylko pe\u0142ne \u015bwie\u017co\u015bci, ale tak\u017ce emanuj\u0105 delikatno\u015bci\u0105 na jak\u0105 zas\u0142uguj\u0105 Wasze Babci\u0119.<\/p>\n<p>Nasze kompozycje kwiatowe w pude\u0142ku na Dzie\u0144 Babci to wyj\u0105tkowy prezent, kt\u00f3ry po\u0142\u0105czy tradycj\u0119 z nowoczesnym podej\u015bciem do pi\u0119kna. Ka\u017cdy bukiet jest starannie skomponowany z naj\u015bwie\u017cszych kwiat\u00f3w, aby\u015bcie mogli przekaza\u0107 Wasze uczucia w najpi\u0119kniejszy spos\u00f3b.<\/p>\n<p>Kompozycja w ma\u0142ym szarym welurowym pude\u0142ku, kt\u00f3ra zawiera \u015bwie\u017ce bia\u0142e go\u017adziki oraz eukaliptus.<\/p>\n<p>COMMENTS:<\/p>\n<ul>\n<li>Wymiary pude\u0142ka bez kompozycji: 14&#215;12 cm<\/li>\n<li>Flowers are placed in a floral sponge soaked in water - their freshness is the same as that of flowers in a vase<\/li>\n<li>Ostateczny wygl\u0105d bukietu mo\u017ce odrobin\u0119 r\u00f3\u017cni\u0107 si\u0119 od kompozycji przedstawionej na zdj\u0119ciu.<\/li>\n<\/ul>","protected":false},"featured_media":24574,"template":"","meta":[],"product_brand":[],"product_cat":[132,207],"product_tag":[],"class_list":{"0":"post-24573","1":"product","2":"type-product","3":"status-publish","4":"has-post-thumbnail","6":"product_cat-edycja-limitowana","7":"product_cat-premium","8":"sales-flash-overlay","9":"woocommerce-text-align-center","10":"woocommerce-image-align-center","11":"do-quantity-buttons","13":"first","14":"instock","15":"shipping-taxable","16":"purchasable","17":"product-type-simple"},"aioseo_notices":[],"_links":{"self":[{"href":"https:\/\/helloflowers.pl\/en\/wp-json\/wp\/v2\/product\/24573","targetHints":{"allow":["GET"]}}],"collection":[{"href":"https:\/\/helloflowers.pl\/en\/wp-json\/wp\/v2\/product"}],"about":[{"href":"https:\/\/helloflowers.pl\/en\/wp-json\/wp\/v2\/types\/product"}],"wp:featuredmedia":[{"embeddable":true,"href":"https:\/\/helloflowers.pl\/en\/wp-json\/wp\/v2\/media\/24574"}],"wp:attachment":[{"href":"https:\/\/helloflowers.pl\/en\/wp-json\/wp\/v2\/media?parent=24573"}],"wp:term":[{"taxonomy":"product_brand","embeddable":true,"href":"https:\/\/helloflowers.pl\/en\/wp-json\/wp\/v2\/product_brand?post=24573"},{"taxonomy":"product_cat","embeddable":true,"href":"https:\/\/helloflowers.pl\/en\/wp-json\/wp\/v2\/product_cat?post=24573"},{"taxonomy":"product_tag","embeddable":true,"href":"https:\/\/helloflowers.pl\/en\/wp-json\/wp\/v2\/product_tag?post=24573"}],"curies":[{"name":"wp","href":"https:\/\/api.w.org\/{rel}","templated":true}]}}