{"id":24605,"date":"2024-02-01T14:24:48","date_gmt":"2024-02-01T13:24:48","guid":{"rendered":"https:\/\/helloflowers.pl\/?post_type=product&#038;p=24605"},"modified":"2024-02-13T10:08:20","modified_gmt":"2024-02-13T09:08:20","slug":"czerwone-roze-w-duzym-czerwonym-brokatowym-pudelku-swieze-kwiaty-w-pudelkach-flower-box-walentynki","status":"publish","type":"product","link":"https:\/\/helloflowers.pl\/en\/sklep\/czerwone-roze-w-duzym-czerwonym-brokatowym-pudelku-swieze-kwiaty-w-pudelkach-flower-box-walentynki\/","title":{"rendered":"Czerwone r\u00f3\u017ce w du\u017cym czerwonym brokatowym pude\u0142ku &#8211; \u015bwie\u017ce kwiaty w pude\u0142kach | flower box WALENTYNKI"},"content":{"rendered":"","protected":false},"excerpt":{"rendered":"<p>Zanurz si\u0119 w \u015bwiat romantyzmu z naszym wyj\u0105tkowym Walentynkowym zestawem czerwonych r\u00f3\u017c, starannie umieszczonych w du\u017cym, czerwonym brokatowym pude\u0142ku. Nasze Czerwone R\u00f3\u017ce to nie tylko zwyk\u0142y bukiet kwiat\u00f3w &#8211; to symbol mi\u0142o\u015bci, elegancji i szlachetno\u015bci, kt\u00f3ry z pewno\u015bci\u0105 zachwyci ka\u017cdego, kto otrzyma ten wyj\u0105tkowy prezent.<\/p>\n<p>Odkryj magi\u0119 naszych Czerwonych R\u00f3\u017c w Du\u017cym Czerwonym Brokatowym Pude\u0142ku i spraw, by chwile sp\u0119dzone z ukochan\u0105 osob\u0105 by\u0142y jeszcze bardziej wyj\u0105tkowe. Uczcij mi\u0142o\u015b\u0107 w najpi\u0119kniejszy mo\u017cliwy spos\u00f3b!<\/p>\n<p>Ca\u0142o\u015b\u0107 wyko\u0144czona wysokiej jako\u015bci wst\u0105\u017ckami ozdobnymi.<\/p>\n<p>COMMENTS:<\/p>\n<ul>\n<li>Wymiary pude\u0142ka bez kompozycji: 20&#215;18 cm<\/li>\n<li>Flowers are placed in a floral sponge soaked in water - their freshness is the same as that of flowers in a vase<\/li>\n<li>Ostateczny wygl\u0105d bukietu mo\u017ce odrobin\u0119 r\u00f3\u017cni\u0107 si\u0119 od kompozycji przedstawionej na zdj\u0119ciu.<\/li>\n<\/ul>","protected":false},"featured_media":24607,"template":"","meta":[],"product_brand":[],"product_cat":[129],"product_tag":[],"class_list":{"0":"post-24605","1":"product","2":"type-product","3":"status-publish","4":"has-post-thumbnail","6":"product_cat-duze-boxy","7":"sales-flash-overlay","8":"woocommerce-text-align-center","9":"woocommerce-image-align-center","10":"do-quantity-buttons","12":"first","13":"outofstock","14":"shipping-taxable","15":"purchasable","16":"product-type-simple"},"aioseo_notices":[],"_links":{"self":[{"href":"https:\/\/helloflowers.pl\/en\/wp-json\/wp\/v2\/product\/24605","targetHints":{"allow":["GET"]}}],"collection":[{"href":"https:\/\/helloflowers.pl\/en\/wp-json\/wp\/v2\/product"}],"about":[{"href":"https:\/\/helloflowers.pl\/en\/wp-json\/wp\/v2\/types\/product"}],"wp:featuredmedia":[{"embeddable":true,"href":"https:\/\/helloflowers.pl\/en\/wp-json\/wp\/v2\/media\/24607"}],"wp:attachment":[{"href":"https:\/\/helloflowers.pl\/en\/wp-json\/wp\/v2\/media?parent=24605"}],"wp:term":[{"taxonomy":"product_brand","embeddable":true,"href":"https:\/\/helloflowers.pl\/en\/wp-json\/wp\/v2\/product_brand?post=24605"},{"taxonomy":"product_cat","embeddable":true,"href":"https:\/\/helloflowers.pl\/en\/wp-json\/wp\/v2\/product_cat?post=24605"},{"taxonomy":"product_tag","embeddable":true,"href":"https:\/\/helloflowers.pl\/en\/wp-json\/wp\/v2\/product_tag?post=24605"}],"curies":[{"name":"wp","href":"https:\/\/api.w.org\/{rel}","templated":true}]}}