{"id":24611,"date":"2024-02-02T14:51:58","date_gmt":"2024-02-02T13:51:58","guid":{"rendered":"https:\/\/helloflowers.pl\/?post_type=product&#038;p=24611"},"modified":"2026-02-24T16:36:10","modified_gmt":"2026-02-24T15:36:10","slug":"czerwone-gozdziki-w-srednim-bordowym-pudelku-swieze-kwiaty-w-pudelkach-flower-box-walentynki","status":"publish","type":"product","link":"https:\/\/helloflowers.pl\/en\/sklep\/czerwone-gozdziki-w-srednim-bordowym-pudelku-swieze-kwiaty-w-pudelkach-flower-box-walentynki\/","title":{"rendered":"Czerwone go\u017adziki w \u015brednim bordowym pude\u0142ku &#8211; \u015bwie\u017ce kwiaty w pude\u0142kach | flower box"},"content":{"rendered":"","protected":false},"excerpt":{"rendered":"<p>Zanurz si\u0119 w \u015bwiat romantyzmu z naszym wyj\u0105tkowym zestawem z go\u017adzik\u00f3w i eukaliptusa starannie umieszczonych w \u015brednim, bordowym pude\u0142ku. Wyj\u0105tkowa mieszanka intensywnie czerwonych go\u017adzik\u00f3w, symbolizuj\u0105cych mi\u0142o\u015b\u0107 i nami\u0119tno\u015b\u0107, zosta\u0142a starannie u\u0142o\u017cona w stylowym pude\u0142ku, tworz\u0105c niezapomniany bukiet. To idealny spos\u00f3b, aby wyrazi\u0107 swoje uczucia w romantyczny i oryginalny spos\u00f3b<\/p>\n<p>Uczcij mi\u0142o\u015b\u0107 w najpi\u0119kniejszy mo\u017cliwy spos\u00f3b!<\/p>\n<p>Ca\u0142o\u015b\u0107 wyko\u0144czona wysokiej jako\u015bci wst\u0105\u017ckami ozdobnymi.<\/p>\n<p>COMMENTS:<\/p>\n<ul>\n<li>Wymiary pude\u0142ka bez kompozycji: 18&#215;15 cm<\/li>\n<li>Flowers are placed in a floral sponge soaked in water - their freshness is the same as that of flowers in a vase<\/li>\n<li>Ostateczny wygl\u0105d bukietu mo\u017ce odrobin\u0119 r\u00f3\u017cni\u0107 si\u0119 od kompozycji przedstawionej na zdj\u0119ciu.<\/li>\n<\/ul>","protected":false},"featured_media":25589,"template":"","meta":[],"product_brand":[],"product_cat":[132],"product_tag":[],"class_list":{"0":"post-24611","1":"product","2":"type-product","3":"status-publish","4":"has-post-thumbnail","6":"product_cat-edycja-limitowana","7":"sales-flash-overlay","8":"woocommerce-text-align-center","9":"woocommerce-image-align-center","10":"do-quantity-buttons","12":"first","13":"instock","14":"shipping-taxable","15":"purchasable","16":"product-type-simple"},"aioseo_notices":[],"_links":{"self":[{"href":"https:\/\/helloflowers.pl\/en\/wp-json\/wp\/v2\/product\/24611","targetHints":{"allow":["GET"]}}],"collection":[{"href":"https:\/\/helloflowers.pl\/en\/wp-json\/wp\/v2\/product"}],"about":[{"href":"https:\/\/helloflowers.pl\/en\/wp-json\/wp\/v2\/types\/product"}],"wp:featuredmedia":[{"embeddable":true,"href":"https:\/\/helloflowers.pl\/en\/wp-json\/wp\/v2\/media\/25589"}],"wp:attachment":[{"href":"https:\/\/helloflowers.pl\/en\/wp-json\/wp\/v2\/media?parent=24611"}],"wp:term":[{"taxonomy":"product_brand","embeddable":true,"href":"https:\/\/helloflowers.pl\/en\/wp-json\/wp\/v2\/product_brand?post=24611"},{"taxonomy":"product_cat","embeddable":true,"href":"https:\/\/helloflowers.pl\/en\/wp-json\/wp\/v2\/product_cat?post=24611"},{"taxonomy":"product_tag","embeddable":true,"href":"https:\/\/helloflowers.pl\/en\/wp-json\/wp\/v2\/product_tag?post=24611"}],"curies":[{"name":"wp","href":"https:\/\/api.w.org\/{rel}","templated":true}]}}