{"id":24703,"date":"2024-03-01T21:10:18","date_gmt":"2024-03-01T20:10:18","guid":{"rendered":"https:\/\/helloflowers.pl\/?post_type=product&#038;p=24703"},"modified":"2026-02-16T14:22:28","modified_gmt":"2026-02-16T13:22:28","slug":"bukiet-z-40-ciemno-rozowych-roz-bukiet-kwiatowy-country-blues","status":"publish","type":"product","link":"https:\/\/helloflowers.pl\/en\/sklep\/bukiet-z-40-ciemno-rozowych-roz-bukiet-kwiatowy-country-blues\/","title":{"rendered":"Bukiet z 40 ciemno r\u00f3\u017cowych r\u00f3\u017c | Bukiet kwiatowy Country Blues"},"content":{"rendered":"","protected":false},"excerpt":{"rendered":"<div class=\"flex-1 overflow-hidden\">\n<div class=\"react-scroll-to-bottom--css-fpzlp-79elbk h-full\">\n<div class=\"react-scroll-to-bottom--css-fpzlp-1n7m0yu\">\n<div class=\"flex flex-col text-sm pb-9\">\n<div class=\"w-full text-token-text-primary\" data-testid=\"conversation-turn-6\">\n<div class=\"px-4 py-2 justify-center text-base md:gap-6 m-auto\">\n<div class=\"flex flex-1 text-base mx-auto gap-3 md:px-5 lg:px-1 xl:px-5 md:max-w-3xl lg:max-w-[40rem] xl:max-w-[48rem] group final-completion\">\n<div class=\"relative flex w-full flex-col agent-turn\">\n<div class=\"flex-col gap-1 md:gap-3\">\n<div class=\"flex flex-grow flex-col max-w-full\">\n<div class=\"min-h-[20px] text-message flex flex-col items-start gap-3 whitespace-pre-wrap break-words [.text-message+&amp;]:mt-5 overflow-x-auto\" data-message-author-role=\"assistant\" data-message-id=\"7cabf579-7cd2-46a1-82ca-cf115799b9ba\">\n<div class=\"markdown prose w-full break-words dark:prose-invert light\">\n<p>Bukiet 40 ciemno r\u00f3\u017cowych r\u00f3\u017c Country Blues w papierze ozdobnym.<\/p>\n<p>Nasze r\u00f3\u017cowe r\u00f3\u017ce to nie tylko symbol delikatno\u015bci i pi\u0119kna, ale tak\u017ce wyraz szacunku, uwielbienia i podziwu dla si\u0142y i urody kobiet. Ka\u017cdy z naszych bukiet\u00f3w, sk\u0142adaj\u0105cych si\u0119 z r\u00f3\u017cowych r\u00f3\u017c zosta\u0142 starannie zaprojektowany, aby przynie\u015b\u0107 u\u015bmiech na twarz ka\u017cdej obdarowywanej kobiety.<\/p>\n<p>Bukiet r\u00f3\u017cowych r\u00f3\u017c na Dzie\u0144 Kobiet to nie tylko prezent, ale tak\u017ce wyraz uznania i podzi\u0119kowania za wszystkie role, jakie kobiety pe\u0142ni\u0105 w naszym \u017cyciu. Niech nasze r\u00f3\u017ce stan\u0105 si\u0119 niezapomnianym gestem mi\u0142o\u015bci i szacunku dla wszystkich wyj\u0105tkowych kobiet w Twoim \u017cyciu.<\/p>\n<\/div>\n<\/div>\n<\/div>\n<\/div>\n<\/div>\n<\/div>\n<\/div>\n<\/div>\n<\/div>\n<\/div>\n<\/div>\n<\/div>\n<p>COMMENTS:<\/p>\n<ul>\n<li>Kompozycja sk\u0142ada si\u0119 z 40 r\u00f3\u017c<\/li>\n<li>D\u0142ugo\u015b\u0107 r\u00f3\u017c 50-60 cm<\/li>\n<li>Bukiet wyko\u0144czony papierem ozdobnym oraz wst\u0105\u017ckami wysokiej jako\u015bci<\/li>\n<li>Ostateczny wygl\u0105d b\u0119dzie jak najbardziej zbli\u017cony do prezentowanego na zdj\u0119ciu<\/li>\n<\/ul>","protected":false},"featured_media":24702,"template":"","meta":[],"product_brand":[],"product_cat":[220],"product_tag":[],"class_list":{"0":"post-24703","1":"product","2":"type-product","3":"status-publish","4":"has-post-thumbnail","6":"product_cat-bukiety","7":"sales-flash-overlay","8":"woocommerce-text-align-center","9":"woocommerce-image-align-center","10":"do-quantity-buttons","12":"first","13":"instock","14":"shipping-taxable","15":"purchasable","16":"product-type-simple"},"aioseo_notices":[],"_links":{"self":[{"href":"https:\/\/helloflowers.pl\/en\/wp-json\/wp\/v2\/product\/24703","targetHints":{"allow":["GET"]}}],"collection":[{"href":"https:\/\/helloflowers.pl\/en\/wp-json\/wp\/v2\/product"}],"about":[{"href":"https:\/\/helloflowers.pl\/en\/wp-json\/wp\/v2\/types\/product"}],"wp:featuredmedia":[{"embeddable":true,"href":"https:\/\/helloflowers.pl\/en\/wp-json\/wp\/v2\/media\/24702"}],"wp:attachment":[{"href":"https:\/\/helloflowers.pl\/en\/wp-json\/wp\/v2\/media?parent=24703"}],"wp:term":[{"taxonomy":"product_brand","embeddable":true,"href":"https:\/\/helloflowers.pl\/en\/wp-json\/wp\/v2\/product_brand?post=24703"},{"taxonomy":"product_cat","embeddable":true,"href":"https:\/\/helloflowers.pl\/en\/wp-json\/wp\/v2\/product_cat?post=24703"},{"taxonomy":"product_tag","embeddable":true,"href":"https:\/\/helloflowers.pl\/en\/wp-json\/wp\/v2\/product_tag?post=24703"}],"curies":[{"name":"wp","href":"https:\/\/api.w.org\/{rel}","templated":true}]}}