{"id":24704,"date":"2024-03-01T21:23:32","date_gmt":"2024-03-01T20:23:32","guid":{"rendered":"https:\/\/helloflowers.pl\/?post_type=product&#038;p=24704"},"modified":"2026-03-09T15:55:10","modified_gmt":"2026-03-09T14:55:10","slug":"bukiet-swiezej-rozowej-gipsowki-bukiet-kwiatowy-kolorowa-gipsowka","status":"publish","type":"product","link":"https:\/\/helloflowers.pl\/en\/sklep\/bukiet-swiezej-rozowej-gipsowki-bukiet-kwiatowy-kolorowa-gipsowka\/","title":{"rendered":"Bukiet \u015bwie\u017cej r\u00f3\u017cowej gips\u00f3wki | Bukiet kwiatowy kolorowa gips\u00f3wka"},"content":{"rendered":"","protected":false},"excerpt":{"rendered":"<div class=\"flex-1 overflow-hidden\">\n<div class=\"react-scroll-to-bottom--css-fpzlp-79elbk h-full\">\n<div class=\"react-scroll-to-bottom--css-fpzlp-1n7m0yu\">\n<div class=\"flex flex-col text-sm pb-9\">\n<div class=\"w-full text-token-text-primary\" data-testid=\"conversation-turn-6\">\n<div class=\"px-4 py-2 justify-center text-base md:gap-6 m-auto\">\n<div class=\"flex flex-1 text-base mx-auto gap-3 md:px-5 lg:px-1 xl:px-5 md:max-w-3xl lg:max-w-[40rem] xl:max-w-[48rem] group final-completion\">\n<div class=\"relative flex w-full flex-col agent-turn\">\n<div class=\"flex-col gap-1 md:gap-3\">\n<div class=\"flex flex-grow flex-col max-w-full\">\n<div class=\"min-h-[20px] text-message flex flex-col items-start gap-3 whitespace-pre-wrap break-words [.text-message+&amp;]:mt-5 overflow-x-auto\" data-message-author-role=\"assistant\" data-message-id=\"7cabf579-7cd2-46a1-82ca-cf115799b9ba\">\n<div class=\"markdown prose w-full break-words dark:prose-invert light\">\n<p>Witaj w naszym sklepie, gdzie kwiatowa elegancja spotyka si\u0119 z naturaln\u0105 \u015bwie\u017co\u015bci\u0105. Ciesz si\u0119 chwil\u0105 z naszym wyj\u0105tkowym bukietem wykonanym ze \u015bwie\u017cej r\u00f3\u017cowej gips\u00f3wki.<\/p>\n<p>Nasz bukiet to nie tylko po\u0142\u0105czenie delikatno\u015bci i pi\u0119kna, ale r\u00f3wnie\u017c wyraz czu\u0142o\u015bci i troski. \u015awie\u017ca r\u00f3\u017cowa gips\u00f3wka, z kt\u00f3rej zosta\u0142 wykonany nasz bukiet, emanuje naturalnym urokiem i subtelno\u015bci\u0105, tworz\u0105c niezapomniany efekt wizualny.<\/p>\n<p>Ka\u017cdy z naszych bukiet\u00f3w zosta\u0142 starannie skomponowany, aby przynie\u015b\u0107 u\u015bmiech na twarz ka\u017cdego odbiorcy. \u015awie\u017ca r\u00f3\u017cowa gips\u00f3wka jest nie tylko pi\u0119kna wizualnie, ale tak\u017ce doskonale nadaje si\u0119 jako prezent dla bliskich czy ozdoba wn\u0119trza, nadaj\u0105c mu wyj\u0105tkowego charakteru i uroku.<\/p>\n<\/div>\n<\/div>\n<\/div>\n<\/div>\n<\/div>\n<\/div>\n<\/div>\n<\/div>\n<\/div>\n<\/div>\n<\/div>\n<\/div>\n<p>COMMENTS:<\/p>\n<ul>\n<li>Bukiet wyko\u0144czony papierem ozdobnym oraz wst\u0105\u017ckami wysokiej jako\u015bci<\/li>\n<li>Ostateczny wygl\u0105d b\u0119dzie jak najbardziej zbli\u017cony do prezentowanego na zdj\u0119ciu<\/li>\n<\/ul>","protected":false},"featured_media":24705,"template":"","meta":[],"product_brand":[],"product_cat":[220],"product_tag":[],"class_list":{"0":"post-24704","1":"product","2":"type-product","3":"status-publish","4":"has-post-thumbnail","6":"product_cat-bukiety","7":"sales-flash-overlay","8":"woocommerce-text-align-center","9":"woocommerce-image-align-center","10":"do-quantity-buttons","12":"first","13":"instock","14":"shipping-taxable","15":"purchasable","16":"product-type-simple"},"aioseo_notices":[],"_links":{"self":[{"href":"https:\/\/helloflowers.pl\/en\/wp-json\/wp\/v2\/product\/24704","targetHints":{"allow":["GET"]}}],"collection":[{"href":"https:\/\/helloflowers.pl\/en\/wp-json\/wp\/v2\/product"}],"about":[{"href":"https:\/\/helloflowers.pl\/en\/wp-json\/wp\/v2\/types\/product"}],"wp:featuredmedia":[{"embeddable":true,"href":"https:\/\/helloflowers.pl\/en\/wp-json\/wp\/v2\/media\/24705"}],"wp:attachment":[{"href":"https:\/\/helloflowers.pl\/en\/wp-json\/wp\/v2\/media?parent=24704"}],"wp:term":[{"taxonomy":"product_brand","embeddable":true,"href":"https:\/\/helloflowers.pl\/en\/wp-json\/wp\/v2\/product_brand?post=24704"},{"taxonomy":"product_cat","embeddable":true,"href":"https:\/\/helloflowers.pl\/en\/wp-json\/wp\/v2\/product_cat?post=24704"},{"taxonomy":"product_tag","embeddable":true,"href":"https:\/\/helloflowers.pl\/en\/wp-json\/wp\/v2\/product_tag?post=24704"}],"curies":[{"name":"wp","href":"https:\/\/api.w.org\/{rel}","templated":true}]}}