{"id":24785,"date":"2024-04-14T16:51:08","date_gmt":"2024-04-14T15:51:08","guid":{"rendered":"https:\/\/helloflowers.pl\/?post_type=product&#038;p=24785"},"modified":"2024-05-12T17:05:20","modified_gmt":"2024-05-12T16:05:20","slug":"biale-wieczne-roze-w-malym-bialym-welurowym-boxie-kwiaty-w-pudelku-flower-box","status":"publish","type":"product","link":"https:\/\/helloflowers.pl\/en\/sklep\/biale-wieczne-roze-w-malym-bialym-welurowym-boxie-kwiaty-w-pudelku-flower-box\/","title":{"rendered":"Bia\u0142e wieczne r\u00f3\u017ce w ma\u0142ym bia\u0142ym welurowym boxie | kwiaty w pude\u0142ku &#8211; flower box"},"content":{"rendered":"","protected":false},"excerpt":{"rendered":"<p>Ma\u0142a kompozycja z 7 wiecznymi r\u00f3\u017cami w kolorze bia\u0142ym to subtelny prezent dla kobiety lub dziewczynki. Dobrze sprawdzi si\u0119 tak\u017ce jako pami\u0105tka dla przysz\u0142ej mamy na Baby Shower.<\/p>\n<p>R\u00f3\u017ce umieszczone s\u0105 w r\u0119cznie wykonanym ma\u0142ym pude\u0142ku flower box, kt\u00f3ry pokryty jest przyjemnym w dotyku welurowym materia\u0142em w kolorze bieli.<\/p>\n<p>Roses stabilized - colloquially eternal roses are flowers that, thanks to the unique stabilization process, retain their natural appearance and freshness.<\/p>\n<p>The average shelf life of flowers is around 16-18 months.<\/p>\n<p>COMMENTS:<\/p>\n<ul>\n<li>Ilo\u015b\u0107 r\u00f3\u017c: 7 sztuk<\/li>\n<li>Wysoko\u015b\u0107 pude\u0142ka z wieczn\u0105 r\u00f3\u017c\u0105: 16 cm<\/li>\n<li>\u015arednica pude\u0142ka &#8211; 12 cm<\/li>\n<\/ul>","protected":false},"featured_media":24787,"template":"","meta":[],"product_brand":[],"product_cat":[130,208],"product_tag":[],"class_list":{"0":"post-24785","1":"product","2":"type-product","3":"status-publish","4":"has-post-thumbnail","6":"product_cat-male-boxy","7":"product_cat-wieczne-roze","8":"sales-flash-overlay","9":"woocommerce-text-align-center","10":"woocommerce-image-align-center","11":"do-quantity-buttons","13":"first","14":"outofstock","15":"shipping-taxable","16":"purchasable","17":"product-type-simple"},"aioseo_notices":[],"_links":{"self":[{"href":"https:\/\/helloflowers.pl\/en\/wp-json\/wp\/v2\/product\/24785","targetHints":{"allow":["GET"]}}],"collection":[{"href":"https:\/\/helloflowers.pl\/en\/wp-json\/wp\/v2\/product"}],"about":[{"href":"https:\/\/helloflowers.pl\/en\/wp-json\/wp\/v2\/types\/product"}],"wp:featuredmedia":[{"embeddable":true,"href":"https:\/\/helloflowers.pl\/en\/wp-json\/wp\/v2\/media\/24787"}],"wp:attachment":[{"href":"https:\/\/helloflowers.pl\/en\/wp-json\/wp\/v2\/media?parent=24785"}],"wp:term":[{"taxonomy":"product_brand","embeddable":true,"href":"https:\/\/helloflowers.pl\/en\/wp-json\/wp\/v2\/product_brand?post=24785"},{"taxonomy":"product_cat","embeddable":true,"href":"https:\/\/helloflowers.pl\/en\/wp-json\/wp\/v2\/product_cat?post=24785"},{"taxonomy":"product_tag","embeddable":true,"href":"https:\/\/helloflowers.pl\/en\/wp-json\/wp\/v2\/product_tag?post=24785"}],"curies":[{"name":"wp","href":"https:\/\/api.w.org\/{rel}","templated":true}]}}