{"id":24815,"date":"2024-05-13T20:43:29","date_gmt":"2024-05-13T19:43:29","guid":{"rendered":"https:\/\/helloflowers.pl\/?post_type=product&#038;p=24815"},"modified":"2026-04-29T14:05:31","modified_gmt":"2026-04-29T13:05:31","slug":"ciemnorozowe-roze-w-srednim-rozowym-welurowym-pudelku-swieze-kwiaty-w-pudelkach-flower-box","status":"publish","type":"product","link":"https:\/\/helloflowers.pl\/en\/sklep\/ciemnorozowe-roze-w-srednim-rozowym-welurowym-pudelku-swieze-kwiaty-w-pudelkach-flower-box\/","title":{"rendered":"Ciemno r\u00f3\u017cowe r\u00f3\u017ce w \u015brednim r\u00f3\u017cowym welurowym pude\u0142ku &#8211; \u015bwie\u017ce kwiaty w pude\u0142kach | flower box"},"content":{"rendered":"","protected":false},"excerpt":{"rendered":"<p>Szukasz wyj\u0105tkowego prezentu dla wyj\u0105tkowej kobiety? Oto elegancka r\u00f3\u017ca &#8222;Country Blues&#8221; z dodatkiem kolorowej gips\u00f3wki w \u015brednim welurowym pude\u0142ku &#8211; doskona\u0142e po\u0142\u0105czenie klasyki i nowoczesno\u015bci, kt\u00f3re zachwyci Twoj\u0105 kobiet\u0119.<\/p>\n<p>Nasza r\u00f3\u017ca &#8222;Country Blues&#8221; to symfonia elegancji i uroku, zamkni\u0119ta w pi\u0119knym welurowym pude\u0142ku.<\/p>\n<p>Kwiaty w naszym welurowym pude\u0142ku to po\u0142\u0105czenie delikatno\u015bci r\u00f3\u017c i r\u00f3\u017cowej gips\u00f3wki, kt\u00f3re sprawi\u0105, \u017ce prezent stanie si\u0119 niezapomnianym prze\u017cyciem.<\/p>\n<p>Daj wyraz swojej mi\u0142o\u015bci z naszym zestawem \u015bwie\u017cych kwiat\u00f3w w eleganckim welurowym pude\u0142ku!<\/p>\n<p>COMMENTS:<\/p>\n<ul>\n<li>Wymiary pude\u0142ka bez kompozycji: 15&#215;15 cm<\/li>\n<li>Ilo\u015b\u0107 r\u00f3\u017c: oko\u0142o 20 sztuk + \u015bwie\u017ca kolorowa gips\u00f3wka<\/li>\n<li>Flowers are placed in a floral sponge soaked in water - their freshness is the same as that of flowers in a vase<\/li>\n<li>Ostateczny wygl\u0105d bukietu mo\u017ce odrobin\u0119 r\u00f3\u017cni\u0107 si\u0119 od kompozycji przedstawionej na zdj\u0119ciu.<\/li>\n<\/ul>","protected":false},"featured_media":25639,"template":"","meta":[],"product_brand":[],"product_cat":[129,273],"product_tag":[],"class_list":{"0":"post-24815","1":"product","2":"type-product","3":"status-publish","4":"has-post-thumbnail","6":"product_cat-duze-boxy","7":"product_cat-dzien-matki","8":"sales-flash-overlay","9":"woocommerce-text-align-center","10":"woocommerce-image-align-center","11":"do-quantity-buttons","13":"first","14":"instock","15":"shipping-taxable","16":"purchasable","17":"product-type-simple"},"aioseo_notices":[],"_links":{"self":[{"href":"https:\/\/helloflowers.pl\/en\/wp-json\/wp\/v2\/product\/24815","targetHints":{"allow":["GET"]}}],"collection":[{"href":"https:\/\/helloflowers.pl\/en\/wp-json\/wp\/v2\/product"}],"about":[{"href":"https:\/\/helloflowers.pl\/en\/wp-json\/wp\/v2\/types\/product"}],"wp:featuredmedia":[{"embeddable":true,"href":"https:\/\/helloflowers.pl\/en\/wp-json\/wp\/v2\/media\/25639"}],"wp:attachment":[{"href":"https:\/\/helloflowers.pl\/en\/wp-json\/wp\/v2\/media?parent=24815"}],"wp:term":[{"taxonomy":"product_brand","embeddable":true,"href":"https:\/\/helloflowers.pl\/en\/wp-json\/wp\/v2\/product_brand?post=24815"},{"taxonomy":"product_cat","embeddable":true,"href":"https:\/\/helloflowers.pl\/en\/wp-json\/wp\/v2\/product_cat?post=24815"},{"taxonomy":"product_tag","embeddable":true,"href":"https:\/\/helloflowers.pl\/en\/wp-json\/wp\/v2\/product_tag?post=24815"}],"curies":[{"name":"wp","href":"https:\/\/api.w.org\/{rel}","templated":true}]}}