{"id":24819,"date":"2024-05-13T20:59:23","date_gmt":"2024-05-13T19:59:23","guid":{"rendered":"https:\/\/helloflowers.pl\/?post_type=product&#038;p=24819"},"modified":"2026-04-17T17:38:59","modified_gmt":"2026-04-17T16:38:59","slug":"swieze-kwiaty-w-duzym-rozowym-welurowym-boxie-kwiaty-w-pudelkach-flower-box","status":"publish","type":"product","link":"https:\/\/helloflowers.pl\/en\/sklep\/swieze-kwiaty-w-duzym-rozowym-welurowym-boxie-kwiaty-w-pudelkach-flower-box\/","title":{"rendered":"\u015awie\u017ce kwiaty w du\u017cym r\u00f3\u017cowym welurowym boxie &#8211; kwiaty w pude\u0142kach | flower box"},"content":{"rendered":"","protected":false},"excerpt":{"rendered":"<p>Du\u017cy okr\u0105g\u0142y box pokryty welurowym materia\u0142em to nasza nowa kolekcja PREMIUM. W zestawie ze \u015bwie\u017cymi kwiatami &#8211;\u00a0 lewkoni\u0105, piwoniami, r\u00f3\u017c\u0105 ga\u0142\u0105zkow\u0105 oraz zielonymi dodatkami zrobi wra\u017cenie na osobie obdarowanej zar\u00f3wno pod wzgl\u0119dem wygl\u0105du jak i cudownego zapachu.<\/p>\n<p>Kwiaty umieszczone s\u0105 w r\u0119cznie wykonanym pude\u0142ku flower box, kt\u00f3ry pokryty jest przyjemnym w dotyku welurowym materia\u0142em. Pude\u0142ko jest w kolorze r\u00f3\u017cowym.<\/p>\n<p>COMMENTS:<\/p>\n<ul>\n<li>Flowers are placed in a floral sponge soaked in water - their freshness is the same as that of flowers in a vase<\/li>\n<li>The final appearance of the bouquet may differ slightly from the composition shown in the photo, and its composition depends on the availability and seasonality of flowers.<\/li>\n<li>Dimensions (without composition): 20 \u00d7 22 cm<\/li>\n<\/ul>","protected":false},"featured_media":24817,"template":"","meta":[],"product_brand":[],"product_cat":[207],"product_tag":[],"class_list":{"0":"post-24819","1":"product","2":"type-product","3":"status-publish","4":"has-post-thumbnail","6":"product_cat-premium","7":"sales-flash-overlay","8":"woocommerce-text-align-center","9":"woocommerce-image-align-center","10":"do-quantity-buttons","12":"first","13":"outofstock","14":"shipping-taxable","15":"purchasable","16":"product-type-simple"},"aioseo_notices":[],"_links":{"self":[{"href":"https:\/\/helloflowers.pl\/en\/wp-json\/wp\/v2\/product\/24819","targetHints":{"allow":["GET"]}}],"collection":[{"href":"https:\/\/helloflowers.pl\/en\/wp-json\/wp\/v2\/product"}],"about":[{"href":"https:\/\/helloflowers.pl\/en\/wp-json\/wp\/v2\/types\/product"}],"wp:featuredmedia":[{"embeddable":true,"href":"https:\/\/helloflowers.pl\/en\/wp-json\/wp\/v2\/media\/24817"}],"wp:attachment":[{"href":"https:\/\/helloflowers.pl\/en\/wp-json\/wp\/v2\/media?parent=24819"}],"wp:term":[{"taxonomy":"product_brand","embeddable":true,"href":"https:\/\/helloflowers.pl\/en\/wp-json\/wp\/v2\/product_brand?post=24819"},{"taxonomy":"product_cat","embeddable":true,"href":"https:\/\/helloflowers.pl\/en\/wp-json\/wp\/v2\/product_cat?post=24819"},{"taxonomy":"product_tag","embeddable":true,"href":"https:\/\/helloflowers.pl\/en\/wp-json\/wp\/v2\/product_tag?post=24819"}],"curies":[{"name":"wp","href":"https:\/\/api.w.org\/{rel}","templated":true}]}}