{"id":24820,"date":"2024-05-13T21:01:37","date_gmt":"2024-05-13T20:01:37","guid":{"rendered":"https:\/\/helloflowers.pl\/?post_type=product&#038;p=24820"},"modified":"2026-04-17T17:38:51","modified_gmt":"2026-04-17T16:38:51","slug":"kompozycja-swiezych-kwiatow-w-srednim-rozowym-welurowym-boxie-kwiaty-w-pudelkach-flower-box","status":"publish","type":"product","link":"https:\/\/helloflowers.pl\/en\/sklep\/kompozycja-swiezych-kwiatow-w-srednim-rozowym-welurowym-boxie-kwiaty-w-pudelkach-flower-box\/","title":{"rendered":"Kompozycja \u015bwie\u017cych kwiat\u00f3w w \u015brednim r\u00f3\u017cowym welurowym boxie &#8211; kwiaty w pude\u0142kach | flower box"},"content":{"rendered":"","protected":false},"excerpt":{"rendered":"<p>Szukasz oryginalnego prezentu? Oto nasza wyj\u0105tkowa kompozycja \u015bwie\u017cych kwiat\u00f3w w \u015brednim r\u00f3\u017cowym welurowym boxie &#8211; po\u0142\u0105czenie \u015bwie\u017co\u015bci natury z elegancj\u0105 designu, kt\u00f3re zachwyci Twoj\u0105 osob\u0119 obdarowan\u0105.<\/p>\n<p>Nasza kompozycja kwiatowa w r\u00f3\u017cowym welurowym boxie to harmonijne zestawienie delikatnych kwiat\u00f3w, kt\u00f3re roz\u015bwietli ka\u017cde wn\u0119trze i serce Twojej mamy. To nie tylko prezent, to wyraz Twojej mi\u0142o\u015bci i podzi\u0119kowania w wyj\u0105tkowy spos\u00f3b.<\/p>\n<p>Kwiaty w naszym r\u00f3\u017cowym welurowym boxie s\u0105 starannie dobrane, aby stworzy\u0107 kompozycj\u0119 pe\u0142n\u0105 \u015bwie\u017co\u015bci i uroku. To niepowtarzalna kombinacja r\u00f3\u017cnorodnych kwiat\u00f3w, kt\u00f3re sprawi\u0105, \u017ce Twoja osoba obdarowana poczuje si\u0119 wyj\u0105tkowo.<\/p>\n<p>Ka\u017cdy kwiat w naszej kompozycji to nie tylko pi\u0119kno natury, ale tak\u017ce symbolizm uczu\u0107 i sentyment\u00f3w. Dodatkowo, r\u00f3\u017cowy welurowy box nadaje prezentowi elegancji i wyj\u0105tkowego charakteru.<\/p>\n<p>COMMENTS:<\/p>\n<ul>\n<li>Flowers are placed in a floral sponge soaked in water - their freshness is the same as that of flowers in a vase<\/li>\n<li>The final appearance of the bouquet may differ slightly from the composition shown in the photo, and its composition depends on the availability and seasonality of flowers.<\/li>\n<li>Wymiary pude\u0142ka (bez kompozycji): 15&#215;17 cm<\/li>\n<\/ul>","protected":false},"featured_media":24816,"template":"","meta":[],"product_brand":[],"product_cat":[207],"product_tag":[],"class_list":{"0":"post-24820","1":"product","2":"type-product","3":"status-publish","4":"has-post-thumbnail","6":"product_cat-premium","7":"sales-flash-overlay","8":"woocommerce-text-align-center","9":"woocommerce-image-align-center","10":"do-quantity-buttons","12":"first","13":"instock","14":"shipping-taxable","15":"purchasable","16":"product-type-simple"},"aioseo_notices":[],"_links":{"self":[{"href":"https:\/\/helloflowers.pl\/en\/wp-json\/wp\/v2\/product\/24820","targetHints":{"allow":["GET"]}}],"collection":[{"href":"https:\/\/helloflowers.pl\/en\/wp-json\/wp\/v2\/product"}],"about":[{"href":"https:\/\/helloflowers.pl\/en\/wp-json\/wp\/v2\/types\/product"}],"wp:featuredmedia":[{"embeddable":true,"href":"https:\/\/helloflowers.pl\/en\/wp-json\/wp\/v2\/media\/24816"}],"wp:attachment":[{"href":"https:\/\/helloflowers.pl\/en\/wp-json\/wp\/v2\/media?parent=24820"}],"wp:term":[{"taxonomy":"product_brand","embeddable":true,"href":"https:\/\/helloflowers.pl\/en\/wp-json\/wp\/v2\/product_brand?post=24820"},{"taxonomy":"product_cat","embeddable":true,"href":"https:\/\/helloflowers.pl\/en\/wp-json\/wp\/v2\/product_cat?post=24820"},{"taxonomy":"product_tag","embeddable":true,"href":"https:\/\/helloflowers.pl\/en\/wp-json\/wp\/v2\/product_tag?post=24820"}],"curies":[{"name":"wp","href":"https:\/\/api.w.org\/{rel}","templated":true}]}}