{"id":24825,"date":"2024-05-16T14:53:01","date_gmt":"2024-05-16T13:53:01","guid":{"rendered":"https:\/\/helloflowers.pl\/?post_type=product&#038;p=24825"},"modified":"2024-05-25T22:48:45","modified_gmt":"2024-05-25T21:48:45","slug":"bukiet-z-15-piwonii-sarah-bernhardt-z-dodatkiem-bialej-gipsowki-bukiet-kwiatowy","status":"publish","type":"product","link":"https:\/\/helloflowers.pl\/en\/sklep\/bukiet-z-15-piwonii-sarah-bernhardt-z-dodatkiem-bialej-gipsowki-bukiet-kwiatowy\/","title":{"rendered":"Bukiet z 15 piwonii Sarah Bernhardt z dodatkiem bia\u0142ej gips\u00f3wki| Bukiet kwiatowy"},"content":{"rendered":"","protected":false},"excerpt":{"rendered":"<div class=\"flex-1 overflow-hidden\">\n<div class=\"react-scroll-to-bottom--css-fpzlp-79elbk h-full\">\n<div class=\"react-scroll-to-bottom--css-fpzlp-1n7m0yu\">\n<div class=\"flex flex-col text-sm pb-9\">\n<div class=\"w-full text-token-text-primary\" data-testid=\"conversation-turn-6\">\n<div class=\"px-4 py-2 justify-center text-base md:gap-6 m-auto\">\n<div class=\"flex flex-1 text-base mx-auto gap-3 md:px-5 lg:px-1 xl:px-5 md:max-w-3xl lg:max-w-[40rem] xl:max-w-[48rem] group final-completion\">\n<div class=\"relative flex w-full flex-col agent-turn\">\n<div class=\"flex-col gap-1 md:gap-3\">\n<div class=\"flex flex-grow flex-col max-w-full\">\n<div class=\"min-h-[20px] text-message flex flex-col items-start gap-3 whitespace-pre-wrap break-words [.text-message+&amp;]:mt-5 overflow-x-auto\" data-message-author-role=\"assistant\" data-message-id=\"7cabf579-7cd2-46a1-82ca-cf115799b9ba\">\n<div class=\"markdown prose w-full break-words dark:prose-invert light\">\n<p>Bukiet 15 jasno r\u00f3\u017cowych piwonii Sarah Bernhardt z dodatkiem bia\u0142ej gips\u00f3wki w papierze ozdobnym.<\/p>\n<p>Nasz bukiet to nie tylko kwiaty, to wyraz Twojej mi\u0142o\u015bci i szacunku wobec jednej z najwa\u017cniejszych kobiety w Twoim \u017cyciu. Piwonie Sarah Bernhardt symbolizuj\u0105 niezr\u00f3wnan\u0105 delikatno\u015b\u0107 i pi\u0119kno, podczas gdy bia\u0142a gips\u00f3wka dodaje nuty czysto\u015bci i niewinno\u015bci.<\/p>\n<p>Nasze kwiaty s\u0105 starannie wyselekcjonowane, aby zapewni\u0107 najwy\u017csz\u0105 jako\u015b\u0107 i \u015bwie\u017co\u015b\u0107. Dzi\u0119ki nim Tw\u00f3j prezent b\u0119dzie trwa\u0142\u0105 pami\u0105tk\u0105 i wyj\u0105tkowym prze\u017cyciem dla Twojej mamy.<\/p>\n<p>Zam\u00f3w nasz bukiet z 15 piwonii Sarah Bernhardt i bia\u0142ej gips\u00f3wki, aby podkre\u015bli\u0107 wyj\u0105tkowo\u015b\u0107 chwili i sprawi\u0107 Twojej mamie niezapomniane wra\u017cenia!<\/p>\n<p>UWAGI:<\/p>\n<\/div>\n<\/div>\n<\/div>\n<\/div>\n<\/div>\n<\/div>\n<\/div>\n<\/div>\n<\/div>\n<\/div>\n<\/div>\n<\/div>\n<ul>\n<li>Kompozycja sk\u0142ada si\u0119 z 15 piwonii oraz bia\u0142ej gips\u00f3wki<\/li>\n<li>D\u0142ugo\u015b\u0107 bukietu oko\u0142o 50-60 cm<\/li>\n<li>Bukiet wyko\u0144czony papierem ozdobnym oraz wst\u0105\u017ckami wysokiej jako\u015bci<\/li>\n<li>Ostateczny wygl\u0105d b\u0119dzie jak najbardziej zbli\u017cony do prezentowanego na zdj\u0119ciu<\/li>\n<\/ul>\n","protected":false},"featured_media":24826,"template":"","meta":[],"product_brand":[],"product_cat":[220],"product_tag":[],"class_list":{"0":"post-24825","1":"product","2":"type-product","3":"status-publish","4":"has-post-thumbnail","6":"product_cat-bukiety","7":"sales-flash-overlay","8":"woocommerce-text-align-center","9":"woocommerce-image-align-center","10":"do-quantity-buttons","12":"first","13":"outofstock","14":"shipping-taxable","15":"purchasable","16":"product-type-simple"},"aioseo_notices":[],"_links":{"self":[{"href":"https:\/\/helloflowers.pl\/en\/wp-json\/wp\/v2\/product\/24825","targetHints":{"allow":["GET"]}}],"collection":[{"href":"https:\/\/helloflowers.pl\/en\/wp-json\/wp\/v2\/product"}],"about":[{"href":"https:\/\/helloflowers.pl\/en\/wp-json\/wp\/v2\/types\/product"}],"wp:featuredmedia":[{"embeddable":true,"href":"https:\/\/helloflowers.pl\/en\/wp-json\/wp\/v2\/media\/24826"}],"wp:attachment":[{"href":"https:\/\/helloflowers.pl\/en\/wp-json\/wp\/v2\/media?parent=24825"}],"wp:term":[{"taxonomy":"product_brand","embeddable":true,"href":"https:\/\/helloflowers.pl\/en\/wp-json\/wp\/v2\/product_brand?post=24825"},{"taxonomy":"product_cat","embeddable":true,"href":"https:\/\/helloflowers.pl\/en\/wp-json\/wp\/v2\/product_cat?post=24825"},{"taxonomy":"product_tag","embeddable":true,"href":"https:\/\/helloflowers.pl\/en\/wp-json\/wp\/v2\/product_tag?post=24825"}],"curies":[{"name":"wp","href":"https:\/\/api.w.org\/{rel}","templated":true}]}}