{"id":25023,"date":"2024-12-08T08:48:01","date_gmt":"2024-12-08T07:48:01","guid":{"rendered":"https:\/\/helloflowers.pl\/?post_type=product&#038;p=25023"},"modified":"2025-01-08T13:52:28","modified_gmt":"2025-01-08T12:52:28","slug":"wianek-swiateczny-sosna-wejmutka-naturalny-na-drzwi-zimowy-wianek-40-cm","status":"publish","type":"product","link":"https:\/\/helloflowers.pl\/en\/sklep\/wianek-swiateczny-sosna-wejmutka-naturalny-na-drzwi-zimowy-wianek-40-cm\/","title":{"rendered":"Wianek \u015awi\u0105teczny Sosna Wejmutka naturalny na drzwi | zimowy wianek 40 cm"},"content":{"rendered":"","protected":false},"excerpt":{"rendered":"<p><strong>Wianek \u015awi\u0105teczny ze \u015bwie\u017cej Sosny Wejmutki\u00a0<\/strong><\/p>\n<p>O\u017cyw swoje wn\u0119trze dzi\u0119ki wyj\u0105tkowemu <strong>wiankowi z naturalnej wejmutki<\/strong>, kt\u00f3ry \u0142\u0105czy w sobie delikatno\u015b\u0107 igie\u0142 sosny z elegancj\u0105 minimalistycznej kompozycji. Wykonany z dba\u0142o\u015bci\u0105 o ka\u017cdy detal, wianek stanowi idealny element dekoracyjny na drzwi, st\u00f3\u0142 czy \u015bcian\u0119.<\/p>\n<p>\u015awie\u017ca sosna wejmutka, charakteryzuj\u0105ca si\u0119 mi\u0119kkimi ig\u0142ami i przyjemnym, le\u015bnym zapachem. Uniwersalny design &#8211; pasuje do wn\u0119trz w stylu boho, skandynawskim, rustykalnym i klasycznym. Ka\u017cdy wianek jest unikalny, starannie pleciony, by zachwyca\u0142 swoj\u0105 form\u0105 i trwa\u0142o\u015bci\u0105.\u00a0Naturalna wejmutka zachowuje \u015bwie\u017co\u015b\u0107 przez d\u0142ugi czas, dzi\u0119ki czemu wianek mo\u017ce zdobi\u0107 Twoje wn\u0119trze przez ca\u0142y sezon \u015bwi\u0105teczny.<\/p>\n<p>COMMENTS:<\/p>\n<ul>\n<li>\u015arednica zewn\u0119trzna &#8211; oko\u0142o 40 cm<\/li>\n<li>Kompozycja wykonywana od podstaw &#8211; jej ostateczny wygl\u0105d b\u0119dzie jak najbardziej zbli\u017cony do przedstawionego na zdj\u0119ciu.<\/li>\n<\/ul>","protected":false},"featured_media":25024,"template":"","meta":[],"product_brand":[],"product_cat":[222,203],"product_tag":[],"class_list":{"0":"post-25023","1":"product","2":"type-product","3":"status-publish","4":"has-post-thumbnail","6":"product_cat-dekoracje-swiateczne","7":"product_cat-sztuczne-kwiaty-dekoracje","8":"sales-flash-overlay","9":"woocommerce-text-align-center","10":"woocommerce-image-align-center","11":"do-quantity-buttons","13":"first","14":"outofstock","15":"shipping-taxable","16":"purchasable","17":"product-type-simple"},"aioseo_notices":[],"_links":{"self":[{"href":"https:\/\/helloflowers.pl\/en\/wp-json\/wp\/v2\/product\/25023","targetHints":{"allow":["GET"]}}],"collection":[{"href":"https:\/\/helloflowers.pl\/en\/wp-json\/wp\/v2\/product"}],"about":[{"href":"https:\/\/helloflowers.pl\/en\/wp-json\/wp\/v2\/types\/product"}],"wp:featuredmedia":[{"embeddable":true,"href":"https:\/\/helloflowers.pl\/en\/wp-json\/wp\/v2\/media\/25024"}],"wp:attachment":[{"href":"https:\/\/helloflowers.pl\/en\/wp-json\/wp\/v2\/media?parent=25023"}],"wp:term":[{"taxonomy":"product_brand","embeddable":true,"href":"https:\/\/helloflowers.pl\/en\/wp-json\/wp\/v2\/product_brand?post=25023"},{"taxonomy":"product_cat","embeddable":true,"href":"https:\/\/helloflowers.pl\/en\/wp-json\/wp\/v2\/product_cat?post=25023"},{"taxonomy":"product_tag","embeddable":true,"href":"https:\/\/helloflowers.pl\/en\/wp-json\/wp\/v2\/product_tag?post=25023"}],"curies":[{"name":"wp","href":"https:\/\/api.w.org\/{rel}","templated":true}]}}