{"id":25040,"date":"2024-12-20T13:01:53","date_gmt":"2024-12-20T12:01:53","guid":{"rendered":"https:\/\/helloflowers.pl\/?post_type=product&#038;p=25040"},"modified":"2025-01-08T13:52:21","modified_gmt":"2025-01-08T12:52:21","slug":"swiateczny-bukiet-roze-i-nobilis-bukiet-kwiatowy","status":"publish","type":"product","link":"https:\/\/helloflowers.pl\/en\/sklep\/swiateczny-bukiet-roze-i-nobilis-bukiet-kwiatowy\/","title":{"rendered":"\u015awi\u0105teczny bukiet R\u00f3\u017ce i Nobilis | Bukiet kwiatowy"},"content":{"rendered":"","protected":false},"excerpt":{"rendered":"<div class=\"flex-1 overflow-hidden\">\n<div class=\"react-scroll-to-bottom--css-fpzlp-79elbk h-full\">\n<div class=\"react-scroll-to-bottom--css-fpzlp-1n7m0yu\">\n<div class=\"flex flex-col text-sm pb-9\">\n<div class=\"w-full text-token-text-primary\" data-testid=\"conversation-turn-6\">\n<div class=\"px-4 py-2 justify-center text-base md:gap-6 m-auto\">\n<div class=\"flex flex-1 text-base mx-auto gap-3 md:px-5 lg:px-1 xl:px-5 md:max-w-3xl lg:max-w-[40rem] xl:max-w-[48rem] group final-completion\">\n<div class=\"relative flex w-full flex-col agent-turn\">\n<div class=\"flex-col gap-1 md:gap-3\">\n<div class=\"flex flex-grow flex-col max-w-full\">\n<div class=\"min-h-[20px] text-message flex flex-col items-start gap-3 whitespace-pre-wrap break-words [.text-message+&amp;]:mt-5 overflow-x-auto\" data-message-author-role=\"assistant\" data-message-id=\"7cabf579-7cd2-46a1-82ca-cf115799b9ba\">\n<div class=\"markdown prose w-full break-words dark:prose-invert light\">\n<p><strong>Bukiet \u015bwi\u0105teczny z 10 czerwonych r\u00f3\u017c, nobilisa, wejmutki, bawe\u0142ny dodatkowo ozdobiony lampkami LED \u2013 magia \u015bwi\u0105tecznej atmosfery<\/strong><\/p>\n<p>Stw\u00f3rz wyj\u0105tkowy nastr\u00f3j \u015bwi\u0105t dzi\u0119ki eleganckiemu bukietowi z czerwonych r\u00f3\u017c, nobilisa i wejmutki, kt\u00f3ry idealnie wpasuje si\u0119 w zimowe dekoracje. R\u0119cznie wykonany bukiet \u0142\u0105czy w sobie klasyczn\u0105 \u015bwi\u0105teczn\u0105 kolorystyk\u0119 z nowoczesnym akcentem \u2013 delikatnymi lampkami LED, kt\u00f3re roz\u015bwietlaj\u0105 kompozycj\u0119 i nadaj\u0105 jej magicznego uroku.<\/p>\n<p>Starannie zaprojektowany, aby zachwyca\u0107 zar\u00f3wno jako prezent, jak i dekoracja sto\u0142u.<\/p>\n<p>Nasz \u015bwi\u0105teczny bukiet z lampkami LED to po\u0142\u0105czenie tradycji i nowoczesno\u015bci, kt\u00f3re sprawi, \u017ce ka\u017cde wn\u0119trze nabierze ciep\u0142ego, \u015bwi\u0105tecznego charakteru.<\/p>\n<p>Zam\u00f3w i ciesz si\u0119 magi\u0105 \u015bwi\u0105t!<\/p>\n<\/div>\n<\/div>\n<\/div>\n<\/div>\n<\/div>\n<\/div>\n<\/div>\n<\/div>\n<\/div>\n<\/div>\n<\/div>\n<\/div>\n<p>COMMENTS:<\/p>\n<ul>\n<li>Wysoko\u015b\u0107 bukietu oko\u0142o 50 cm<\/li>\n<li>Ostateczny wygl\u0105d b\u0119dzie jak najbardziej zbli\u017cony do prezentowanego na zdj\u0119ciu<\/li>\n<\/ul>","protected":false},"featured_media":25041,"template":"","meta":[],"product_brand":[],"product_cat":[220],"product_tag":[],"class_list":{"0":"post-25040","1":"product","2":"type-product","3":"status-publish","4":"has-post-thumbnail","6":"product_cat-bukiety","7":"sales-flash-overlay","8":"woocommerce-text-align-center","9":"woocommerce-image-align-center","10":"do-quantity-buttons","12":"first","13":"outofstock","14":"shipping-taxable","15":"purchasable","16":"product-type-simple"},"aioseo_notices":[],"_links":{"self":[{"href":"https:\/\/helloflowers.pl\/en\/wp-json\/wp\/v2\/product\/25040","targetHints":{"allow":["GET"]}}],"collection":[{"href":"https:\/\/helloflowers.pl\/en\/wp-json\/wp\/v2\/product"}],"about":[{"href":"https:\/\/helloflowers.pl\/en\/wp-json\/wp\/v2\/types\/product"}],"wp:featuredmedia":[{"embeddable":true,"href":"https:\/\/helloflowers.pl\/en\/wp-json\/wp\/v2\/media\/25041"}],"wp:attachment":[{"href":"https:\/\/helloflowers.pl\/en\/wp-json\/wp\/v2\/media?parent=25040"}],"wp:term":[{"taxonomy":"product_brand","embeddable":true,"href":"https:\/\/helloflowers.pl\/en\/wp-json\/wp\/v2\/product_brand?post=25040"},{"taxonomy":"product_cat","embeddable":true,"href":"https:\/\/helloflowers.pl\/en\/wp-json\/wp\/v2\/product_cat?post=25040"},{"taxonomy":"product_tag","embeddable":true,"href":"https:\/\/helloflowers.pl\/en\/wp-json\/wp\/v2\/product_tag?post=25040"}],"curies":[{"name":"wp","href":"https:\/\/api.w.org\/{rel}","templated":true}]}}