{"id":25227,"date":"2025-03-14T16:13:07","date_gmt":"2025-03-14T15:13:07","guid":{"rendered":"https:\/\/helloflowers.pl\/?post_type=product&#038;p=25227"},"modified":"2026-03-07T00:52:09","modified_gmt":"2026-03-06T23:52:09","slug":"bukiet-50-ciemnorozowych-tulipanow-bukiet-kwiatowy","status":"publish","type":"product","link":"https:\/\/helloflowers.pl\/en\/sklep\/bukiet-50-ciemnorozowych-tulipanow-bukiet-kwiatowy\/","title":{"rendered":"Bukiet 50 ciemnor\u00f3\u017cowych tulipan\u00f3w | bukiet kwiatowy"},"content":{"rendered":"","protected":false},"excerpt":{"rendered":"<p>Kompozycja kwiatowa sk\u0142adaj\u0105ca si\u0119 z 50 pe\u0142nych tulipan\u00f3w w kolorze ciemnego r\u00f3\u017cu. Ca\u0142o\u015b\u0107 estetycznie zapakowana w papier ozdobny. Odmiana ta rozkwita w pe\u0142ni ukazuj\u0105c sw\u00f3j pe\u0142ny urok.<\/p>\n<p>COMMENTS:<\/p>\n<ul>\n<li>Ilo\u015b\u0107 tulipan\u00f3w \u2013 50 sztuk<\/li>\n<li>Kolorystyka tulipan\u00f3w b\u0119dzie jak najbardziej zbli\u017cona do prezentowanej na zdj\u0119ciu<\/li>\n<\/ul>","protected":false},"featured_media":25228,"template":"","meta":[],"product_brand":[],"product_cat":[220],"product_tag":[],"class_list":{"0":"post-25227","1":"product","2":"type-product","3":"status-publish","4":"has-post-thumbnail","6":"product_cat-bukiety","7":"sales-flash-overlay","8":"woocommerce-text-align-center","9":"woocommerce-image-align-center","10":"do-quantity-buttons","12":"first","13":"instock","14":"shipping-taxable","15":"purchasable","16":"product-type-simple"},"aioseo_notices":[],"_links":{"self":[{"href":"https:\/\/helloflowers.pl\/en\/wp-json\/wp\/v2\/product\/25227","targetHints":{"allow":["GET"]}}],"collection":[{"href":"https:\/\/helloflowers.pl\/en\/wp-json\/wp\/v2\/product"}],"about":[{"href":"https:\/\/helloflowers.pl\/en\/wp-json\/wp\/v2\/types\/product"}],"wp:featuredmedia":[{"embeddable":true,"href":"https:\/\/helloflowers.pl\/en\/wp-json\/wp\/v2\/media\/25228"}],"wp:attachment":[{"href":"https:\/\/helloflowers.pl\/en\/wp-json\/wp\/v2\/media?parent=25227"}],"wp:term":[{"taxonomy":"product_brand","embeddable":true,"href":"https:\/\/helloflowers.pl\/en\/wp-json\/wp\/v2\/product_brand?post=25227"},{"taxonomy":"product_cat","embeddable":true,"href":"https:\/\/helloflowers.pl\/en\/wp-json\/wp\/v2\/product_cat?post=25227"},{"taxonomy":"product_tag","embeddable":true,"href":"https:\/\/helloflowers.pl\/en\/wp-json\/wp\/v2\/product_tag?post=25227"}],"curies":[{"name":"wp","href":"https:\/\/api.w.org\/{rel}","templated":true}]}}