{"id":25273,"date":"2025-05-03T17:20:09","date_gmt":"2025-05-03T16:20:09","guid":{"rendered":"https:\/\/helloflowers.pl\/?post_type=product&#038;p=25273"},"modified":"2026-04-29T14:03:00","modified_gmt":"2026-04-29T13:03:00","slug":"kompozycja-swiezych-kwiatow-na-dzien-matki-elegancka-kompozycja-w-brzoskwiniowym-pudelku-mom","status":"publish","type":"product","link":"https:\/\/helloflowers.pl\/en\/sklep\/kompozycja-swiezych-kwiatow-na-dzien-matki-elegancka-kompozycja-w-brzoskwiniowym-pudelku-mom\/","title":{"rendered":"Kompozycja \u015bwie\u017cych kwiat\u00f3w Dla Mamy \u2013 elegancka kompozycja w brzoskwiniowym pude\u0142ku \u201eMOM\u201d"},"content":{"rendered":"","protected":false},"excerpt":{"rendered":"<p class=\"\" data-start=\"104\" data-end=\"180\"><strong data-start=\"104\" data-end=\"180\">Flower box na Dla Mamy \u2013 elegancka kompozycja kwiat\u00f3w w pude\u0142ku \u201eMOM\u201d<\/strong><\/p>\n<p class=\"\" data-start=\"182\" data-end=\"551\">Wyj\u0105tkowy flower box w kszta\u0142cie kwiatka z napisem <em data-start=\"233\" data-end=\"240\">&#8222;MOM&#8221;<\/em> to idealny prezent dla mamy z okazji urodzin lub imienin. Delikatne, pastelowe kompozycje z go\u017adzik\u00f3w, frezji oraz dodatku w postaci eukaliptusa sprawiaj\u0105, \u017ce ten upominek zachwyca nie tylko wygl\u0105dem, ale i trwa\u0142o\u015bci\u0105. Doskona\u0142y spos\u00f3b, by podzi\u0119kowa\u0107 Mamie za mi\u0142o\u015b\u0107 i trosk\u0119.<\/p>\n<p class=\"\" data-start=\"182\" data-end=\"551\">Gwarantujemy bezpieczn\u0105 i bezpo\u015bredni\u0105 dostawa na terenie Tr\u00f3jmiasta.<\/p>\n<p>COMMENTS:<\/p>\n<ul>\n<li>Wymiary pude\u0142ka bez kompozycji: 25 x 25 x 8 cm<\/li>\n<li>Kolorystyka oraz odmiana kwiat\u00f3w b\u0119dzie jak najbardziej zbli\u017cona do prezentowanych na zdj\u0119ciu<\/li>\n<li>Pude\u0142ko zawiera kwiatek z napisem &#8222;MOM&#8221; w efekcie 3D<\/li>\n<\/ul>","protected":false},"featured_media":25289,"template":"","meta":[],"product_brand":[],"product_cat":[273,132,207],"product_tag":[],"class_list":{"0":"post-25273","1":"product","2":"type-product","3":"status-publish","4":"has-post-thumbnail","6":"product_cat-dzien-matki","7":"product_cat-edycja-limitowana","8":"product_cat-premium","9":"sales-flash-overlay","10":"woocommerce-text-align-center","11":"woocommerce-image-align-center","12":"do-quantity-buttons","14":"first","15":"instock","16":"shipping-taxable","17":"purchasable","18":"product-type-simple"},"aioseo_notices":[],"_links":{"self":[{"href":"https:\/\/helloflowers.pl\/en\/wp-json\/wp\/v2\/product\/25273","targetHints":{"allow":["GET"]}}],"collection":[{"href":"https:\/\/helloflowers.pl\/en\/wp-json\/wp\/v2\/product"}],"about":[{"href":"https:\/\/helloflowers.pl\/en\/wp-json\/wp\/v2\/types\/product"}],"wp:featuredmedia":[{"embeddable":true,"href":"https:\/\/helloflowers.pl\/en\/wp-json\/wp\/v2\/media\/25289"}],"wp:attachment":[{"href":"https:\/\/helloflowers.pl\/en\/wp-json\/wp\/v2\/media?parent=25273"}],"wp:term":[{"taxonomy":"product_brand","embeddable":true,"href":"https:\/\/helloflowers.pl\/en\/wp-json\/wp\/v2\/product_brand?post=25273"},{"taxonomy":"product_cat","embeddable":true,"href":"https:\/\/helloflowers.pl\/en\/wp-json\/wp\/v2\/product_cat?post=25273"},{"taxonomy":"product_tag","embeddable":true,"href":"https:\/\/helloflowers.pl\/en\/wp-json\/wp\/v2\/product_tag?post=25273"}],"curies":[{"name":"wp","href":"https:\/\/api.w.org\/{rel}","templated":true}]}}