{"id":25379,"date":"2025-07-23T14:23:05","date_gmt":"2025-07-23T13:23:05","guid":{"rendered":"https:\/\/helloflowers.pl\/?post_type=product&#038;p=25379"},"modified":"2026-03-09T16:06:56","modified_gmt":"2026-03-09T15:06:56","slug":"rozowa-gipsowka-w-srednim-lawendowym-welurowym-boxie-kwiaty-w-pudelkach-flower-box","status":"publish","type":"product","link":"https:\/\/helloflowers.pl\/en\/sklep\/rozowa-gipsowka-w-srednim-lawendowym-welurowym-boxie-kwiaty-w-pudelkach-flower-box\/","title":{"rendered":"R\u00f3\u017cowa gips\u00f3wka w \u015brednim lawendowym welurowym boxie &#8211; kwiaty w pude\u0142kach | flower box"},"content":{"rendered":"","protected":false},"excerpt":{"rendered":"<p>Szukasz oryginalnego prezentu dla bliskiej Ci osoby? Oto nasza wyj\u0105tkowa kompozycja \u015bwie\u017cej r\u00f3\u017cowej gips\u00f3wki w \u015brednim lawendowym welurowym boxie &#8211; po\u0142\u0105czenie \u015bwie\u017co\u015bci natury z elegancj\u0105 designu, kt\u00f3re zachwyci osob\u0119 obdarowan\u0105.<\/p>\n<p>Zam\u00f3w ju\u017c dzi\u015b nasz\u0105 kompozycj\u0119 \u015bwie\u017cych kwiat\u00f3w w \u015brednim lawendowym welurowym boxie, aby sprawi\u0107 niezapomniane wra\u017cenia.<\/p>\n<p>COMMENTS:<\/p>\n<ul>\n<li>Flowers are placed in a floral sponge soaked in water - their freshness is the same as that of flowers in a vase<\/li>\n<li>Ostateczny wygl\u0105d bukietu mo\u017ce odrobin\u0119 r\u00f3\u017cni\u0107 si\u0119 od kompozycji przedstawionej na zdj\u0119ciu, a jego kolor jest uzale\u017cniony od dost\u0119pno\u015bci kwiat\u00f3w.<\/li>\n<li>Wymiary pude\u0142ka (bez kompozycji): 15&#215;17 cm<\/li>\n<\/ul>","protected":false},"featured_media":25380,"template":"","meta":[],"product_brand":[],"product_cat":[207,132],"product_tag":[],"class_list":{"0":"post-25379","1":"product","2":"type-product","3":"status-publish","4":"has-post-thumbnail","6":"product_cat-premium","7":"product_cat-edycja-limitowana","8":"sales-flash-overlay","9":"woocommerce-text-align-center","10":"woocommerce-image-align-center","11":"do-quantity-buttons","13":"first","14":"instock","15":"shipping-taxable","16":"purchasable","17":"product-type-simple"},"aioseo_notices":[],"_links":{"self":[{"href":"https:\/\/helloflowers.pl\/en\/wp-json\/wp\/v2\/product\/25379","targetHints":{"allow":["GET"]}}],"collection":[{"href":"https:\/\/helloflowers.pl\/en\/wp-json\/wp\/v2\/product"}],"about":[{"href":"https:\/\/helloflowers.pl\/en\/wp-json\/wp\/v2\/types\/product"}],"wp:featuredmedia":[{"embeddable":true,"href":"https:\/\/helloflowers.pl\/en\/wp-json\/wp\/v2\/media\/25380"}],"wp:attachment":[{"href":"https:\/\/helloflowers.pl\/en\/wp-json\/wp\/v2\/media?parent=25379"}],"wp:term":[{"taxonomy":"product_brand","embeddable":true,"href":"https:\/\/helloflowers.pl\/en\/wp-json\/wp\/v2\/product_brand?post=25379"},{"taxonomy":"product_cat","embeddable":true,"href":"https:\/\/helloflowers.pl\/en\/wp-json\/wp\/v2\/product_cat?post=25379"},{"taxonomy":"product_tag","embeddable":true,"href":"https:\/\/helloflowers.pl\/en\/wp-json\/wp\/v2\/product_tag?post=25379"}],"curies":[{"name":"wp","href":"https:\/\/api.w.org\/{rel}","templated":true}]}}