{"id":25586,"date":"2026-02-08T20:27:18","date_gmt":"2026-02-08T19:27:18","guid":{"rendered":"https:\/\/helloflowers.pl\/?post_type=product&#038;p=25586"},"modified":"2026-02-16T13:39:50","modified_gmt":"2026-02-16T12:39:50","slug":"kompozycja-walentynkowa-czerwone-roze-x-mis-x-praliny-lindt-kwiaty-w-pudelkach","status":"publish","type":"product","link":"https:\/\/helloflowers.pl\/en\/sklep\/kompozycja-walentynkowa-czerwone-roze-x-mis-x-praliny-lindt-kwiaty-w-pudelkach\/","title":{"rendered":"Kompozycja Prezentowa Czerwone R\u00f3\u017ce x Mi\u015b x Praliny Lindt &#8211; kwiaty w pude\u0142kach"},"content":{"rendered":"","protected":false},"excerpt":{"rendered":"<p>WALENTYNKI 2026 &#8211; limitowana kompozycja z 10 \u015bwie\u017cymi r\u00f3\u017cami w kolorze czerwonym oraz eukaliptusem, Misiem w czerwonej bluzie i pralinami Lindt.<\/p>\n<p>Zestaw prezentowy przygotowany na walentynki 2026 dla Twojej ukochanej osoby.<\/p>\n<p>Kwiaty umieszczone s\u0105 w g\u0105bce florystycznej, kt\u00f3ra schowana jest w papierowej torbie. Ca\u0142o\u015b\u0107 wyko\u0144czona wst\u0105\u017ck\u0105 ozdobn\u0105.<\/p>\n<p>COMMENTS:<\/p>\n<ul>\n<li>Ilo\u015b\u0107 r\u00f3\u017c \u2013 10 sztuk + \u015bwie\u017cy eukaliptus<\/li>\n<li>Wymiary kompozycji: wysoko\u015b\u0107 &#8211; oko\u0142o 40 cm, szeroko\u015b\u0107 30 cm<\/li>\n<li>Roses are placed in a floral sponge soaked in water - their freshness is the same as that of flowers in a vase<\/li>\n<li>Wygl\u0105d kompozycji b\u0119dzie jak najbardziej zbli\u017cony do prezentowanego na zdj\u0119ciu<\/li>\n<\/ul>","protected":false},"featured_media":25587,"template":"","meta":[],"product_brand":[],"product_cat":[207,132],"product_tag":[],"class_list":{"0":"post-25586","1":"product","2":"type-product","3":"status-publish","4":"has-post-thumbnail","6":"product_cat-premium","7":"product_cat-edycja-limitowana","8":"sales-flash-overlay","9":"woocommerce-text-align-center","10":"woocommerce-image-align-center","11":"do-quantity-buttons","13":"first","14":"instock","15":"shipping-taxable","16":"purchasable","17":"product-type-simple"},"aioseo_notices":[],"_links":{"self":[{"href":"https:\/\/helloflowers.pl\/en\/wp-json\/wp\/v2\/product\/25586","targetHints":{"allow":["GET"]}}],"collection":[{"href":"https:\/\/helloflowers.pl\/en\/wp-json\/wp\/v2\/product"}],"about":[{"href":"https:\/\/helloflowers.pl\/en\/wp-json\/wp\/v2\/types\/product"}],"wp:featuredmedia":[{"embeddable":true,"href":"https:\/\/helloflowers.pl\/en\/wp-json\/wp\/v2\/media\/25587"}],"wp:attachment":[{"href":"https:\/\/helloflowers.pl\/en\/wp-json\/wp\/v2\/media?parent=25586"}],"wp:term":[{"taxonomy":"product_brand","embeddable":true,"href":"https:\/\/helloflowers.pl\/en\/wp-json\/wp\/v2\/product_brand?post=25586"},{"taxonomy":"product_cat","embeddable":true,"href":"https:\/\/helloflowers.pl\/en\/wp-json\/wp\/v2\/product_cat?post=25586"},{"taxonomy":"product_tag","embeddable":true,"href":"https:\/\/helloflowers.pl\/en\/wp-json\/wp\/v2\/product_tag?post=25586"}],"curies":[{"name":"wp","href":"https:\/\/api.w.org\/{rel}","templated":true}]}}