{"id":25637,"date":"2026-03-03T13:31:51","date_gmt":"2026-03-03T12:31:51","guid":{"rendered":"https:\/\/helloflowers.pl\/?post_type=product&#038;p=25637"},"modified":"2026-05-04T19:45:00","modified_gmt":"2026-05-04T18:45:00","slug":"bezowe-roze-w-duzym-bialym-welurowym-boxie-swieze-kwiaty-w-pudelku-box-flower","status":"publish","type":"product","link":"https:\/\/helloflowers.pl\/en\/sklep\/bezowe-roze-w-duzym-bialym-welurowym-boxie-swieze-kwiaty-w-pudelku-box-flower\/","title":{"rendered":"Be\u017cowe r\u00f3\u017ce w du\u017cym bia\u0142ym welurowym boxie | \u015bwie\u017ce kwiaty w pude\u0142ku &#8211; box flower"},"content":{"rendered":"","protected":false},"excerpt":{"rendered":"<p>Klasyczna kompozycja 20 \u015bwie\u017cych be\u017cowych r\u00f3\u017c.<br \/>\nR\u00f3\u017ce umieszczone s\u0105 w r\u0119cznie wykonanym du\u017cym pude\u0142ku flower box, kt\u00f3ry pokryty jest przyjemnym w dotyku welurowym materia\u0142em. Logo w kolorze z\u0142otym.<\/p>\n<p>Kompozycja wyko\u0144czona delikatn\u0105 r\u00f3\u017cow\u0105 wst\u0105\u017ck\u0105 ozdobn\u0105.<\/p>\n<p>COMMENTS:<\/p>\n<ul>\n<li>Ilo\u015b\u0107 r\u00f3\u017c: 20 sztuk<\/li>\n<li>Wymiary pude\u0142ka bez kompozycji: 20&#215;22 cm<\/li>\n<li>Kolor oraz odmiana r\u00f3\u017c b\u0119dzie jak najbardziej zbli\u017cona do prezentowanych na zdj\u0119ciu<\/li>\n<\/ul>","protected":false},"featured_media":25638,"template":"","meta":[],"product_brand":[],"product_cat":[129,273],"product_tag":[],"class_list":{"0":"post-25637","1":"product","2":"type-product","3":"status-publish","4":"has-post-thumbnail","6":"product_cat-duze-boxy","7":"product_cat-dzien-matki","8":"sales-flash-overlay","9":"woocommerce-text-align-center","10":"woocommerce-image-align-center","11":"do-quantity-buttons","13":"first","14":"instock","15":"shipping-taxable","16":"purchasable","17":"product-type-simple"},"aioseo_notices":[],"_links":{"self":[{"href":"https:\/\/helloflowers.pl\/en\/wp-json\/wp\/v2\/product\/25637","targetHints":{"allow":["GET"]}}],"collection":[{"href":"https:\/\/helloflowers.pl\/en\/wp-json\/wp\/v2\/product"}],"about":[{"href":"https:\/\/helloflowers.pl\/en\/wp-json\/wp\/v2\/types\/product"}],"wp:featuredmedia":[{"embeddable":true,"href":"https:\/\/helloflowers.pl\/en\/wp-json\/wp\/v2\/media\/25638"}],"wp:attachment":[{"href":"https:\/\/helloflowers.pl\/en\/wp-json\/wp\/v2\/media?parent=25637"}],"wp:term":[{"taxonomy":"product_brand","embeddable":true,"href":"https:\/\/helloflowers.pl\/en\/wp-json\/wp\/v2\/product_brand?post=25637"},{"taxonomy":"product_cat","embeddable":true,"href":"https:\/\/helloflowers.pl\/en\/wp-json\/wp\/v2\/product_cat?post=25637"},{"taxonomy":"product_tag","embeddable":true,"href":"https:\/\/helloflowers.pl\/en\/wp-json\/wp\/v2\/product_tag?post=25637"}],"curies":[{"name":"wp","href":"https:\/\/api.w.org\/{rel}","templated":true}]}}